{"id":17,"date":"2019-03-07T13:15:25","date_gmt":"2019-03-07T12:15:25","guid":{"rendered":"http:\/\/www.lobo-building.pl\/?page_id=17"},"modified":"2019-03-07T15:28:52","modified_gmt":"2019-03-07T14:28:52","slug":"o-nas","status":"publish","type":"page","link":"https:\/\/www.lobo-building.pl\/index.php\/o-nas\/","title":{"rendered":"O nas"},"content":{"rendered":"\n<p>Nasza firma istnieje w&nbsp;<a href=\"http:\/\/pcdron.home.pl\/lobo\/pl\/pl-lokalizacja\">Poznaniu<\/a>&nbsp;ju\u017c od wrze\u015bnia 1993 i zajmuje si\u0119 wynajmem i dzier\u017caw\u0105 powierzchni&nbsp;<a href=\"http:\/\/pcdron.home.pl\/lobo\/pl\/wolne-powierzchnie-biurowe\">biurowych<\/a>&nbsp;i&nbsp;<a href=\"http:\/\/pcdron.home.pl\/lobo\/pl\/wolne-powierzchnie-halowe\">halowych<\/a>&nbsp;b\u0119d\u0105cych nasz\u0105 w\u0142asno\u015bci\u0105. Na ulicy Ba\u0142tyckiej (A2) przy skrzy\u017cowaniu z ulic\u0105 Prymasa Hlonda powsta\u0142 w&nbsp;<a href=\"http:\/\/pcdron.home.pl\/lobo\/pl\/pl-lokalizacja\">Poznaniu Business Park (55.000m\u00b2),<\/a>&nbsp;kt\u00f3ry swoim najemcom zapewnia optymalne warunki dzia\u0142alno\u015bci.<\/p>\n\n\n\n<p>Dodatkowe informacje o naszym parku przemys\u0142owo-us\u0142ugowym:&nbsp;<br>(rozmawiamy po polsku, angielsku i niemiecku)<br>mo\u017cliwo\u015b\u0107 dojazdu w ci\u0105gu 5 minut do centrum miasta, 15 minut do lotniska b\u0105d\u017a 8 minut do dworca kolejowego<\/p>\n\n\n\n<ul><li>obiekt chroniony,<\/li><li>centrala telefoniczna ISDN &#8211; na \u017cyczenie,<\/li><li>optymalne mo\u017cliwo\u015bci eksponowania reklamy,<\/li><li>przy obiektach znajduj\u0105 si\u0119 liczne miejsca parkingowe,<\/li><li>przed obiektem &#8211; przystanki autobusowe oraz w pobli\u017cu stacja benzynowa,<\/li><li>2 wjazdy na teren zak\u0142adu z w\u0142asnym pasem skr\u0119tu dla ruchu pojazd\u00f3w ci\u0119\u017ckich,<\/li><li>codzienne sprz\u0105tanie ca\u0142ego obiektu,<\/li><li>obs\u0142uga zimowa,<\/li><li>us\u0142ugi ogrodnicze, itd.<\/li><\/ul>\n\n\n\n<p>Opr\u00f3cz samego wynajmu nasze biuro oferuje r\u00f3wnie\u017c wsparcie dla firm wkraczaj\u0105cych na rynek w Polsce. Je\u017celi szukacie Pa\u0144stwo odpowiedniego miejsca w Poznaniu, prosimy, aby\u015bcie zwr\u00f3cili si\u0119 bezpo\u015brednio do nas pod nr tel.&nbsp;<strong>0048 61 8743 753.<\/strong>&nbsp;M\u00f3wimy zar\u00f3wno po polsku, niemiecku i angielsku, .<\/p>\n","protected":false},"excerpt":{"rendered":"<p>Nasza firma istnieje w&nbsp;Poznaniu&nbsp;ju\u017c od wrze\u015bnia 1993 i zajmuje si\u0119 wynajmem i dzier\u017caw\u0105 powierzchni&nbsp;biurowych&nbsp;i&nbsp;halowych&nbsp;b\u0119d\u0105cych nasz\u0105 w\u0142asno\u015bci\u0105. Na ulicy Ba\u0142tyckiej (A2)&nbsp;[&hellip;]<\/p>\n","protected":false},"author":9,"featured_media":0,"parent":0,"menu_order":0,"comment_status":"closed","ping_status":"closed","template":"page-templates\/template_fullwidth.php","meta":[],"_links":{"self":[{"href":"https:\/\/www.lobo-building.pl\/index.php\/wp-json\/wp\/v2\/pages\/17"}],"collection":[{"href":"https:\/\/www.lobo-building.pl\/index.php\/wp-json\/wp\/v2\/pages"}],"about":[{"href":"https:\/\/www.lobo-building.pl\/index.php\/wp-json\/wp\/v2\/types\/page"}],"author":[{"embeddable":true,"href":"https:\/\/www.lobo-building.pl\/index.php\/wp-json\/wp\/v2\/users\/9"}],"replies":[{"embeddable":true,"href":"https:\/\/www.lobo-building.pl\/index.php\/wp-json\/wp\/v2\/comments?post=17"}],"version-history":[{"count":3,"href":"https:\/\/www.lobo-building.pl\/index.php\/wp-json\/wp\/v2\/pages\/17\/revisions"}],"predecessor-version":[{"id":73,"href":"https:\/\/www.lobo-building.pl\/index.php\/wp-json\/wp\/v2\/pages\/17\/revisions\/73"}],"wp:attachment":[{"href":"https:\/\/www.lobo-building.pl\/index.php\/wp-json\/wp\/v2\/media?parent=17"}],"curies":[{"name":"wp","href":"https:\/\/api.w.org\/{rel}","templated":true}]}}