{"id":18,"date":"2019-03-07T13:15:25","date_gmt":"2019-03-07T12:15:25","guid":{"rendered":"http:\/\/www.lobo-building.pl\/?page_id=18"},"modified":"2019-03-20T12:49:56","modified_gmt":"2019-03-20T11:49:56","slug":"lokalizacja","status":"publish","type":"page","link":"https:\/\/www.lobo-building.pl\/index.php\/lokalizacja\/","title":{"rendered":"Lokalizacja"},"content":{"rendered":"<style type=\"text\/css\" id=\"gmpMapStyles_1_19987\">\r\n\t#google_map_easy_1_19987 {\r\n        width: 100%;\r\n        height: 350px;\r\n\t\t\t\t\t\t    }\r\n\t#gmapControlsNum_1_19987 {\r\n\t\twidth:100%\t}\r\n\t.gmpMapDetailsContainer#gmpMapDetailsContainer_1_19987 {\r\n\t\theight:350px;\r\n\t}\r\n\t.gmp_MapPreview#google_map_easy_1_19987 {\r\n\t\t\/*position:absolute;*\/\r\n\t\twidth: 100%;\r\n\t}\r\n\t#mapConElem_1_19987{\r\n\t\twidth: 100%\t}\r\n    .gm-style .gm-style-iw-c{\r\n        padding: 12px!important;\r\n    }\r\n\t    <\/style> <div class=\"gmp_map_opts\" id=\"mapConElem_1_19987\" data-id=\"1\" data-view-id=\"1_19987\" > <div class=\"gmpMapDetailsContainer\" id=\"gmpMapDetailsContainer_1_19987\"> <i class=\"gmpKMLLayersPreloader fa fa-spinner fa-spin\" aria-hidden=\"true\" style=\"display: none;\"><\/i> <div class=\"gmp_MapPreview \" id=\"google_map_easy_1_19987\"><\/div> <\/div> <div class=\"gmpMapMarkerFilters\" id=\"gmpMapMarkerFilters_1_19987\"> <\/div> <div class=\"gmpMapProControlsCon\" id=\"gmpMapProControlsCon_1_19987\"> <\/div> <div class=\"gmpMapProDirectionsCon\" id=\"gmpMapProDirectionsCon_1_19987\" > <\/div> <div class=\"gmpMapProKmlFilterCon\" id=\"gmpMapProKmlFilterCon_1_19987\" > <\/div> <div class=\"gmpSocialSharingShell gmpSocialSharingShell_1_19987\"> <\/div> <div style=\"clear: both;\"><\/div> <\/div> \n\n\n\n<p><\/p>\n\n\n\n<p>Pozna\u0144 po\u0142o\u017cony w zachodniej cz\u0119\u015bci Polski jest centrum przemys\u0142owo-handlowym i naukowo-badawczym oraz najwi\u0119kszym w\u0119z\u0142em komunikacyjnym mi\u0119dzy Berlinem a Warszaw\u0105, przebiega t\u0119dy autostrada A2 i droga krajowa 92 od niemieckiej do bia\u0142oruskiej granicy. Znajduje si\u0119 tu r\u00f3wnie\u017c mi\u0119dzynarodowe lotnisko.<br>Park przemys\u0142owy jest usytuowany bezpo\u015brednio przy trasie \u0142\u0105cz\u0105cej Berlin, Warszaw\u0119 i Moskw\u0119, z mo\u017cliwo\u015bci\u0105 dojazdu w ci\u0105gu 5 minut do centrum miasta Poznania, 15 minut do lotniska i 8 minut do dworca kolejowego.&nbsp;<br>Mimo bezpo\u015bredniego s\u0105siedztwa obiektu z tras\u0105 \u0142\u0105cz\u0105c\u0105 Berlin, Warszaw\u0119 i Moskw\u0119, stwarzaj\u0105cego mo\u017cliwo\u015bci interesuj\u0105cego zaprezentowania i zareklamowania si\u0119 (60.000 przeje\u017cd\u017caj\u0105cych pojazd\u00f3w dziennie), nie dociera do niego jednak ha\u0142as komunikacyjny.<\/p>\n\n\n\n<div class=\"wp-container-3 wp-block-columns has-2-columns\">\n<div class=\"wp-container-1 wp-block-column\">\n<figure class=\"wp-block-image\"><img loading=\"lazy\" width=\"1024\" height=\"576\" src=\"http:\/\/www.lobo-building.pl\/wp-content\/uploads\/2019\/03\/DJI_0004-1024x576.jpg\" alt=\"\" class=\"wp-image-202\" srcset=\"https:\/\/www.lobo-building.pl\/wp-content\/uploads\/2019\/03\/DJI_0004-1024x576.jpg 1024w, https:\/\/www.lobo-building.pl\/wp-content\/uploads\/2019\/03\/DJI_0004-300x169.jpg 300w, https:\/\/www.lobo-building.pl\/wp-content\/uploads\/2019\/03\/DJI_0004-768x432.jpg 768w, https:\/\/www.lobo-building.pl\/wp-content\/uploads\/2019\/03\/DJI_0004-200x113.jpg 200w, https:\/\/www.lobo-building.pl\/wp-content\/uploads\/2019\/03\/DJI_0004-690x388.jpg 690w\" sizes=\"(max-width: 1024px) 100vw, 1024px\" \/><figcaption>Widok z lotu ptaka.<\/figcaption><\/figure>\n<\/div>\n\n\n\n<div class=\"wp-container-2 wp-block-column\">\n<figure class=\"wp-block-image\"><img loading=\"lazy\" width=\"1024\" height=\"576\" src=\"http:\/\/www.lobo-building.pl\/wp-content\/uploads\/2019\/03\/DJI_0027-1024x576.jpg\" alt=\"\" class=\"wp-image-203\" srcset=\"https:\/\/www.lobo-building.pl\/wp-content\/uploads\/2019\/03\/DJI_0027-1024x576.jpg 1024w, https:\/\/www.lobo-building.pl\/wp-content\/uploads\/2019\/03\/DJI_0027-300x169.jpg 300w, https:\/\/www.lobo-building.pl\/wp-content\/uploads\/2019\/03\/DJI_0027-768x432.jpg 768w, https:\/\/www.lobo-building.pl\/wp-content\/uploads\/2019\/03\/DJI_0027-200x113.jpg 200w, https:\/\/www.lobo-building.pl\/wp-content\/uploads\/2019\/03\/DJI_0027-690x388.jpg 690w\" sizes=\"(max-width: 1024px) 100vw, 1024px\" \/><figcaption>Lokalizacja Lobo Business Park<\/figcaption><\/figure>\n<\/div>\n<\/div>\n\n\n\n<p>Dojazd do obiektu jest zagwarantowany zar\u00f3wno od strony ul. Ba\u0142tyckiej, jak r\u00f3wnie\u017c od strony ul. Hlonda poprzez w\u0142asny pas skr\u0119tu przeznaczony dla ruchu pojazd\u00f3w ci\u0119\u017ckich.<\/p>\n\n\n\n<p>W pobli\u017cu obiektu znajduj\u0105 si\u0119 inne du\u017ce przedsi\u0119biorstwa, jak np. VW Pozna\u0144, Exite Batterie, Unilever jak r\u00f3wnie\u017c Bridgestone.<\/p>\n\n\n\n<p>Przystanek autobusowy, zlokalizowany bezpo\u015brednio przed obiektem umo\u017cliwia dojazd \u015brodkami komunikacji publicznej.<\/p>\n","protected":false},"excerpt":{"rendered":"<p>Pozna\u0144 po\u0142o\u017cony w zachodniej cz\u0119\u015bci Polski jest centrum przemys\u0142owo-handlowym i naukowo-badawczym oraz najwi\u0119kszym w\u0119z\u0142em komunikacyjnym mi\u0119dzy Berlinem a Warszaw\u0105, przebiega&nbsp;[&hellip;]<\/p>\n","protected":false},"author":9,"featured_media":0,"parent":0,"menu_order":0,"comment_status":"closed","ping_status":"closed","template":"page-templates\/template_fullwidth.php","meta":[],"_links":{"self":[{"href":"https:\/\/www.lobo-building.pl\/index.php\/wp-json\/wp\/v2\/pages\/18"}],"collection":[{"href":"https:\/\/www.lobo-building.pl\/index.php\/wp-json\/wp\/v2\/pages"}],"about":[{"href":"https:\/\/www.lobo-building.pl\/index.php\/wp-json\/wp\/v2\/types\/page"}],"author":[{"embeddable":true,"href":"https:\/\/www.lobo-building.pl\/index.php\/wp-json\/wp\/v2\/users\/9"}],"replies":[{"embeddable":true,"href":"https:\/\/www.lobo-building.pl\/index.php\/wp-json\/wp\/v2\/comments?post=18"}],"version-history":[{"count":7,"href":"https:\/\/www.lobo-building.pl\/index.php\/wp-json\/wp\/v2\/pages\/18\/revisions"}],"predecessor-version":[{"id":211,"href":"https:\/\/www.lobo-building.pl\/index.php\/wp-json\/wp\/v2\/pages\/18\/revisions\/211"}],"wp:attachment":[{"href":"https:\/\/www.lobo-building.pl\/index.php\/wp-json\/wp\/v2\/media?parent=18"}],"curies":[{"name":"wp","href":"https:\/\/api.w.org\/{rel}","templated":true}]}}