{"id":19,"date":"2019-03-07T13:15:25","date_gmt":"2019-03-07T12:15:25","guid":{"rendered":"http:\/\/www.lobo-building.pl\/?page_id=19"},"modified":"2025-06-27T11:36:35","modified_gmt":"2025-06-27T09:36:35","slug":"wolne-powierzchnie","status":"publish","type":"page","link":"https:\/\/www.lobo-building.pl\/","title":{"rendered":"Wolne powierzchnie"},"content":{"rendered":"\n<div class=\"wp-block-cover is-light\"><span aria-hidden=\"true\" class=\"wp-block-cover__background has-background-dim\"><\/span><img loading=\"lazy\" width=\"1623\" height=\"500\" class=\"wp-block-cover__image-background wp-image-49\" alt=\"\" src=\"http:\/\/www.lobo-building.pl\/wp-content\/uploads\/2019\/03\/005.gif\" data-object-fit=\"cover\"\/><div class=\"wp-block-cover__inner-container\">\n<p class=\"has-text-align-center has-white-color has-text-color has-large-font-size\">Szukacie Pa\u0144stwo powierzchni biurowych lub hal?<\/p>\n<\/div><\/div>\n\n\n\n<p> To bardzo dobrze, \u017ce odwiedzili\u015bcie nasz\u0105 stron\u0119 internetow\u0105, poniewa\u017c od wrze\u015bnia 1993 zajmujemy si\u0119 wynajmem i dzier\u017caw\u0105 zar\u00f3wno&nbsp;<a href=\"http:\/\/pcdron.home.pl\/lobo\/pl\/wolne-powierzchnie-biurowe\">biur<\/a>&nbsp;jak i powierzchni&nbsp;<a href=\"http:\/\/pcdron.home.pl\/lobo\/pl\/wolne-powierzchnie-halowe\">halowych,<\/a>&nbsp;kt\u00f3re s\u0105 nasz\u0105 w\u0142asno\u015bci\u0105. <\/p>\n\n\n\n<div class=\"wp-container-3 wp-block-columns has-2-columns\">\n<div class=\"wp-container-1 wp-block-column\">\n<figure class=\"wp-block-image\"><img loading=\"lazy\" width=\"1024\" height=\"576\" src=\"http:\/\/www.lobo-building.pl\/wp-content\/uploads\/2019\/03\/DJI_0009-1024x576.jpg\" alt=\"\" class=\"wp-image-205\" srcset=\"https:\/\/www.lobo-building.pl\/wp-content\/uploads\/2019\/03\/DJI_0009-1024x576.jpg 1024w, https:\/\/www.lobo-building.pl\/wp-content\/uploads\/2019\/03\/DJI_0009-300x169.jpg 300w, https:\/\/www.lobo-building.pl\/wp-content\/uploads\/2019\/03\/DJI_0009-768x432.jpg 768w, https:\/\/www.lobo-building.pl\/wp-content\/uploads\/2019\/03\/DJI_0009-200x113.jpg 200w, https:\/\/www.lobo-building.pl\/wp-content\/uploads\/2019\/03\/DJI_0009-690x388.jpg 690w\" sizes=\"(max-width: 1024px) 100vw, 1024px\" \/><figcaption>Lobo Business Park z lotu ptaka.<\/figcaption><\/figure>\n<\/div>\n\n\n\n<div class=\"wp-container-2 wp-block-column\">\n<figure class=\"wp-block-image\"><img loading=\"lazy\" width=\"1024\" height=\"576\" src=\"http:\/\/www.lobo-building.pl\/wp-content\/uploads\/2019\/03\/DJI_0027-1-1024x576.jpg\" alt=\"\" class=\"wp-image-206\" srcset=\"https:\/\/www.lobo-building.pl\/wp-content\/uploads\/2019\/03\/DJI_0027-1-1024x576.jpg 1024w, https:\/\/www.lobo-building.pl\/wp-content\/uploads\/2019\/03\/DJI_0027-1-300x169.jpg 300w, https:\/\/www.lobo-building.pl\/wp-content\/uploads\/2019\/03\/DJI_0027-1-768x432.jpg 768w, https:\/\/www.lobo-building.pl\/wp-content\/uploads\/2019\/03\/DJI_0027-1-200x113.jpg 200w, https:\/\/www.lobo-building.pl\/wp-content\/uploads\/2019\/03\/DJI_0027-1-690x388.jpg 690w\" sizes=\"(max-width: 1024px) 100vw, 1024px\" \/><figcaption>Lokalizacja przy ulicy Ba\u0142tyckiej w Poznaniu.<\/figcaption><\/figure>\n<\/div>\n<\/div>\n\n\n\n<p class=\"has-text-align-center\">NASZA OFERTA:<\/p>\n\n\n\n<div class=\"wp-block-cover is-light\"><span aria-hidden=\"true\" class=\"wp-block-cover__background has-background-dim\"><\/span><img loading=\"lazy\" width=\"1024\" height=\"768\" class=\"wp-block-cover__image-background wp-image-391\" alt=\"\" src=\"https:\/\/www.lobo-building.pl\/wp-content\/uploads\/2020\/07\/09.05.14-LOBO-Fotos-005-1024x768-1.jpg\" data-object-fit=\"cover\" srcset=\"https:\/\/www.lobo-building.pl\/wp-content\/uploads\/2020\/07\/09.05.14-LOBO-Fotos-005-1024x768-1.jpg 1024w, https:\/\/www.lobo-building.pl\/wp-content\/uploads\/2020\/07\/09.05.14-LOBO-Fotos-005-1024x768-1-300x225.jpg 300w, https:\/\/www.lobo-building.pl\/wp-content\/uploads\/2020\/07\/09.05.14-LOBO-Fotos-005-1024x768-1-768x576.jpg 768w, https:\/\/www.lobo-building.pl\/wp-content\/uploads\/2020\/07\/09.05.14-LOBO-Fotos-005-1024x768-1-200x150.jpg 200w, https:\/\/www.lobo-building.pl\/wp-content\/uploads\/2020\/07\/09.05.14-LOBO-Fotos-005-1024x768-1-690x518.jpg 690w\" sizes=\"(max-width: 1024px) 100vw, 1024px\" \/><div class=\"wp-block-cover__inner-container\">\n<p class=\"has-text-align-center has-large-font-size\"><a href=\"http:\/\/www.lobo-building.pl\/index.php\/wolne-powierzchnie-biurowe\/\">Wolne powierzchnie biurowe i magazynowe<\/a><\/p>\n<\/div><\/div>\n\n\n\n<div class=\"wp-container-6 wp-block-columns has-2-columns\">\n<div class=\"wp-container-4 wp-block-column\"><\/div>\n\n\n\n<div class=\"wp-container-5 wp-block-column\"><\/div>\n<\/div>\n\n\n\n<div class=\"wp-container-11 wp-block-columns has-2-columns\">\n<div class=\"wp-container-7 wp-block-column\">\n<p> Park przemys\u0142owy jest usytuowany bezpo\u015brednio przy trasie \u0142\u0105cz\u0105cej Berlin, Warszaw\u0119 i Moskw\u0119, z mo\u017cliwo\u015bci\u0105 dojazdu w ci\u0105gu 5 minut do centrum miasta Poznania, 15 minut do lotniska i 8 minut do dworca kolejowego.&nbsp;<br>Mimo bezpo\u015bredniego s\u0105siedztwa obiektu z tras\u0105 \u0142\u0105cz\u0105c\u0105 Berlin, Warszaw\u0119 i Moskw\u0119, stwarzaj\u0105cego mo\u017cliwo\u015bci interesuj\u0105cego zaprezentowania i zareklamowania si\u0119 (60.000 przeje\u017cd\u017caj\u0105cych pojazd\u00f3w dziennie), nie dociera do niego jednak ha\u0142as komunikacyjny. <\/p>\n\n\n\n<p> Dojazd do obiektu jest zagwarantowany zar\u00f3wno od strony ul. Ba\u0142tyckiej, jak r\u00f3wnie\u017c od strony ul. Hlonda poprzez w\u0142asny pas skr\u0119tu przeznaczony dla ruchu pojazd\u00f3w ci\u0119\u017ckich. <\/p>\n\n\n\n<p>W pobli\u017cu obiektu znajduj\u0105 si\u0119 inne du\u017ce przedsi\u0119biorstwa, jak np. VW Pozna\u0144, Exite Batterie, Unilever jak r\u00f3wnie\u017c Bridgestone.<\/p>\n\n\n\n<p>Przystanek autobusowy, zlokalizowany bezpo\u015brednio przed obiektem umo\u017cliwia dojazd \u015brodkami komunikacji publicznej.<\/p>\n<\/div>\n\n\n\n<div class=\"wp-container-10 wp-block-column\">\n<figure class=\"wp-container-9 wp-block-gallery-8 wp-block-gallery has-nested-images columns-default is-cropped\">\n<figure class=\"wp-block-image size-large\"><img loading=\"lazy\" width=\"1024\" height=\"768\" src=\"http:\/\/www.lobo-building.pl\/wp-content\/uploads\/2019\/03\/09.05.14-LOBO-Fotos-004-1024x768.jpg\" alt=\"\" class=\"wp-image-163\" srcset=\"https:\/\/www.lobo-building.pl\/wp-content\/uploads\/2019\/03\/09.05.14-LOBO-Fotos-004-1024x768.jpg 1024w, https:\/\/www.lobo-building.pl\/wp-content\/uploads\/2019\/03\/09.05.14-LOBO-Fotos-004-300x225.jpg 300w, https:\/\/www.lobo-building.pl\/wp-content\/uploads\/2019\/03\/09.05.14-LOBO-Fotos-004-768x576.jpg 768w, https:\/\/www.lobo-building.pl\/wp-content\/uploads\/2019\/03\/09.05.14-LOBO-Fotos-004-200x150.jpg 200w, https:\/\/www.lobo-building.pl\/wp-content\/uploads\/2019\/03\/09.05.14-LOBO-Fotos-004-690x518.jpg 690w\" sizes=\"(max-width: 1024px) 100vw, 1024px\" \/><\/figure>\n\n\n\n<figure class=\"wp-block-image size-large\"><img loading=\"lazy\" width=\"1024\" height=\"768\" src=\"http:\/\/www.lobo-building.pl\/wp-content\/uploads\/2019\/03\/09.05.14-LOBO-Fotos-005-1024x768.jpg\" alt=\"\" class=\"wp-image-164\" srcset=\"https:\/\/www.lobo-building.pl\/wp-content\/uploads\/2019\/03\/09.05.14-LOBO-Fotos-005-1024x768.jpg 1024w, https:\/\/www.lobo-building.pl\/wp-content\/uploads\/2019\/03\/09.05.14-LOBO-Fotos-005-300x225.jpg 300w, https:\/\/www.lobo-building.pl\/wp-content\/uploads\/2019\/03\/09.05.14-LOBO-Fotos-005-768x576.jpg 768w, https:\/\/www.lobo-building.pl\/wp-content\/uploads\/2019\/03\/09.05.14-LOBO-Fotos-005-200x150.jpg 200w, https:\/\/www.lobo-building.pl\/wp-content\/uploads\/2019\/03\/09.05.14-LOBO-Fotos-005-690x518.jpg 690w\" sizes=\"(max-width: 1024px) 100vw, 1024px\" \/><\/figure>\n\n\n\n<figure class=\"wp-block-image size-large\"><img loading=\"lazy\" width=\"1024\" height=\"768\" src=\"http:\/\/www.lobo-building.pl\/wp-content\/uploads\/2019\/03\/09.05.14-LOBO-Fotos-006-1024x768.jpg\" alt=\"\" class=\"wp-image-165\" srcset=\"https:\/\/www.lobo-building.pl\/wp-content\/uploads\/2019\/03\/09.05.14-LOBO-Fotos-006-1024x768.jpg 1024w, https:\/\/www.lobo-building.pl\/wp-content\/uploads\/2019\/03\/09.05.14-LOBO-Fotos-006-300x225.jpg 300w, https:\/\/www.lobo-building.pl\/wp-content\/uploads\/2019\/03\/09.05.14-LOBO-Fotos-006-768x576.jpg 768w, https:\/\/www.lobo-building.pl\/wp-content\/uploads\/2019\/03\/09.05.14-LOBO-Fotos-006-200x150.jpg 200w, https:\/\/www.lobo-building.pl\/wp-content\/uploads\/2019\/03\/09.05.14-LOBO-Fotos-006-690x518.jpg 690w\" sizes=\"(max-width: 1024px) 100vw, 1024px\" \/><\/figure>\n\n\n\n<figure class=\"wp-block-image size-large\"><img loading=\"lazy\" width=\"1024\" height=\"768\" src=\"http:\/\/www.lobo-building.pl\/wp-content\/uploads\/2019\/03\/09.05.14-LOBO-Fotos-007-1024x768.jpg\" alt=\"\" class=\"wp-image-166\" srcset=\"https:\/\/www.lobo-building.pl\/wp-content\/uploads\/2019\/03\/09.05.14-LOBO-Fotos-007-1024x768.jpg 1024w, https:\/\/www.lobo-building.pl\/wp-content\/uploads\/2019\/03\/09.05.14-LOBO-Fotos-007-300x225.jpg 300w, https:\/\/www.lobo-building.pl\/wp-content\/uploads\/2019\/03\/09.05.14-LOBO-Fotos-007-768x576.jpg 768w, https:\/\/www.lobo-building.pl\/wp-content\/uploads\/2019\/03\/09.05.14-LOBO-Fotos-007-200x150.jpg 200w, https:\/\/www.lobo-building.pl\/wp-content\/uploads\/2019\/03\/09.05.14-LOBO-Fotos-007-690x518.jpg 690w\" sizes=\"(max-width: 1024px) 100vw, 1024px\" \/><\/figure>\n\n\n\n<figure class=\"wp-block-image size-large\"><img loading=\"lazy\" width=\"1024\" height=\"768\" src=\"http:\/\/www.lobo-building.pl\/wp-content\/uploads\/2019\/03\/09.05.14-LOBO-Fotos-009-1024x768.jpg\" alt=\"\" class=\"wp-image-167\" srcset=\"https:\/\/www.lobo-building.pl\/wp-content\/uploads\/2019\/03\/09.05.14-LOBO-Fotos-009-1024x768.jpg 1024w, https:\/\/www.lobo-building.pl\/wp-content\/uploads\/2019\/03\/09.05.14-LOBO-Fotos-009-300x225.jpg 300w, https:\/\/www.lobo-building.pl\/wp-content\/uploads\/2019\/03\/09.05.14-LOBO-Fotos-009-768x576.jpg 768w, https:\/\/www.lobo-building.pl\/wp-content\/uploads\/2019\/03\/09.05.14-LOBO-Fotos-009-200x150.jpg 200w, https:\/\/www.lobo-building.pl\/wp-content\/uploads\/2019\/03\/09.05.14-LOBO-Fotos-009-690x518.jpg 690w\" sizes=\"(max-width: 1024px) 100vw, 1024px\" \/><\/figure>\n\n\n\n<figure class=\"wp-block-image size-large\"><img loading=\"lazy\" width=\"1024\" height=\"768\" src=\"http:\/\/www.lobo-building.pl\/wp-content\/uploads\/2019\/03\/09.05.14-LOBO-Fotos-010-1024x768.jpg\" alt=\"\" class=\"wp-image-168\" srcset=\"https:\/\/www.lobo-building.pl\/wp-content\/uploads\/2019\/03\/09.05.14-LOBO-Fotos-010-1024x768.jpg 1024w, https:\/\/www.lobo-building.pl\/wp-content\/uploads\/2019\/03\/09.05.14-LOBO-Fotos-010-300x225.jpg 300w, https:\/\/www.lobo-building.pl\/wp-content\/uploads\/2019\/03\/09.05.14-LOBO-Fotos-010-768x576.jpg 768w, https:\/\/www.lobo-building.pl\/wp-content\/uploads\/2019\/03\/09.05.14-LOBO-Fotos-010-200x150.jpg 200w, https:\/\/www.lobo-building.pl\/wp-content\/uploads\/2019\/03\/09.05.14-LOBO-Fotos-010-690x518.jpg 690w\" sizes=\"(max-width: 1024px) 100vw, 1024px\" \/><\/figure>\n\n\n\n<figure class=\"wp-block-image size-large\"><img loading=\"lazy\" width=\"1024\" height=\"768\" src=\"http:\/\/www.lobo-building.pl\/wp-content\/uploads\/2019\/03\/09.05.14-LOBO-Fotos-012-1024x768.jpg\" alt=\"\" class=\"wp-image-169\" srcset=\"https:\/\/www.lobo-building.pl\/wp-content\/uploads\/2019\/03\/09.05.14-LOBO-Fotos-012-1024x768.jpg 1024w, https:\/\/www.lobo-building.pl\/wp-content\/uploads\/2019\/03\/09.05.14-LOBO-Fotos-012-300x225.jpg 300w, https:\/\/www.lobo-building.pl\/wp-content\/uploads\/2019\/03\/09.05.14-LOBO-Fotos-012-768x576.jpg 768w, https:\/\/www.lobo-building.pl\/wp-content\/uploads\/2019\/03\/09.05.14-LOBO-Fotos-012-200x150.jpg 200w, https:\/\/www.lobo-building.pl\/wp-content\/uploads\/2019\/03\/09.05.14-LOBO-Fotos-012-690x518.jpg 690w\" sizes=\"(max-width: 1024px) 100vw, 1024px\" \/><\/figure>\n\n\n\n<figure class=\"wp-block-image size-large\"><img loading=\"lazy\" width=\"1024\" height=\"768\" src=\"http:\/\/www.lobo-building.pl\/wp-content\/uploads\/2019\/03\/09.05.14-LOBO-Fotos-014-1024x768.jpg\" alt=\"\" class=\"wp-image-170\" srcset=\"https:\/\/www.lobo-building.pl\/wp-content\/uploads\/2019\/03\/09.05.14-LOBO-Fotos-014-1024x768.jpg 1024w, https:\/\/www.lobo-building.pl\/wp-content\/uploads\/2019\/03\/09.05.14-LOBO-Fotos-014-300x225.jpg 300w, https:\/\/www.lobo-building.pl\/wp-content\/uploads\/2019\/03\/09.05.14-LOBO-Fotos-014-768x576.jpg 768w, https:\/\/www.lobo-building.pl\/wp-content\/uploads\/2019\/03\/09.05.14-LOBO-Fotos-014-200x150.jpg 200w, https:\/\/www.lobo-building.pl\/wp-content\/uploads\/2019\/03\/09.05.14-LOBO-Fotos-014-690x518.jpg 690w\" sizes=\"(max-width: 1024px) 100vw, 1024px\" \/><\/figure>\n\n\n\n<figure class=\"wp-block-image size-large\"><img loading=\"lazy\" width=\"1024\" height=\"768\" src=\"http:\/\/www.lobo-building.pl\/wp-content\/uploads\/2019\/03\/09.05.14-LOBO-Fotos-036-1024x768.jpg\" alt=\"\" class=\"wp-image-171\" srcset=\"https:\/\/www.lobo-building.pl\/wp-content\/uploads\/2019\/03\/09.05.14-LOBO-Fotos-036-1024x768.jpg 1024w, https:\/\/www.lobo-building.pl\/wp-content\/uploads\/2019\/03\/09.05.14-LOBO-Fotos-036-300x225.jpg 300w, https:\/\/www.lobo-building.pl\/wp-content\/uploads\/2019\/03\/09.05.14-LOBO-Fotos-036-768x576.jpg 768w, https:\/\/www.lobo-building.pl\/wp-content\/uploads\/2019\/03\/09.05.14-LOBO-Fotos-036-200x150.jpg 200w, https:\/\/www.lobo-building.pl\/wp-content\/uploads\/2019\/03\/09.05.14-LOBO-Fotos-036-690x518.jpg 690w\" sizes=\"(max-width: 1024px) 100vw, 1024px\" \/><\/figure>\n\n\n\n<figure class=\"wp-block-image size-large\"><img loading=\"lazy\" width=\"1024\" height=\"768\" src=\"http:\/\/www.lobo-building.pl\/wp-content\/uploads\/2019\/03\/09.05.14-LOBO-Fotos-043-1024x768.jpg\" alt=\"\" class=\"wp-image-172\" srcset=\"https:\/\/www.lobo-building.pl\/wp-content\/uploads\/2019\/03\/09.05.14-LOBO-Fotos-043-1024x768.jpg 1024w, https:\/\/www.lobo-building.pl\/wp-content\/uploads\/2019\/03\/09.05.14-LOBO-Fotos-043-300x225.jpg 300w, https:\/\/www.lobo-building.pl\/wp-content\/uploads\/2019\/03\/09.05.14-LOBO-Fotos-043-768x576.jpg 768w, https:\/\/www.lobo-building.pl\/wp-content\/uploads\/2019\/03\/09.05.14-LOBO-Fotos-043-200x150.jpg 200w, https:\/\/www.lobo-building.pl\/wp-content\/uploads\/2019\/03\/09.05.14-LOBO-Fotos-043-690x518.jpg 690w\" sizes=\"(max-width: 1024px) 100vw, 1024px\" \/><\/figure>\n\n\n\n<figure class=\"wp-block-image size-large\"><img loading=\"lazy\" width=\"1024\" height=\"768\" src=\"http:\/\/www.lobo-building.pl\/wp-content\/uploads\/2019\/03\/09.05.14-LOBO-Fotos-044-1024x768.jpg\" alt=\"\" class=\"wp-image-173\" srcset=\"https:\/\/www.lobo-building.pl\/wp-content\/uploads\/2019\/03\/09.05.14-LOBO-Fotos-044-1024x768.jpg 1024w, https:\/\/www.lobo-building.pl\/wp-content\/uploads\/2019\/03\/09.05.14-LOBO-Fotos-044-300x225.jpg 300w, https:\/\/www.lobo-building.pl\/wp-content\/uploads\/2019\/03\/09.05.14-LOBO-Fotos-044-768x576.jpg 768w, https:\/\/www.lobo-building.pl\/wp-content\/uploads\/2019\/03\/09.05.14-LOBO-Fotos-044-200x150.jpg 200w, https:\/\/www.lobo-building.pl\/wp-content\/uploads\/2019\/03\/09.05.14-LOBO-Fotos-044-690x518.jpg 690w\" sizes=\"(max-width: 1024px) 100vw, 1024px\" \/><\/figure>\n\n\n\n<figure class=\"wp-block-image size-large\"><img loading=\"lazy\" width=\"1024\" height=\"768\" src=\"http:\/\/www.lobo-building.pl\/wp-content\/uploads\/2019\/03\/09.05.14-LOBO-Fotos-046-1024x768.jpg\" alt=\"\" class=\"wp-image-174\" srcset=\"https:\/\/www.lobo-building.pl\/wp-content\/uploads\/2019\/03\/09.05.14-LOBO-Fotos-046-1024x768.jpg 1024w, https:\/\/www.lobo-building.pl\/wp-content\/uploads\/2019\/03\/09.05.14-LOBO-Fotos-046-300x225.jpg 300w, https:\/\/www.lobo-building.pl\/wp-content\/uploads\/2019\/03\/09.05.14-LOBO-Fotos-046-768x576.jpg 768w, https:\/\/www.lobo-building.pl\/wp-content\/uploads\/2019\/03\/09.05.14-LOBO-Fotos-046-200x150.jpg 200w, https:\/\/www.lobo-building.pl\/wp-content\/uploads\/2019\/03\/09.05.14-LOBO-Fotos-046-690x518.jpg 690w\" sizes=\"(max-width: 1024px) 100vw, 1024px\" \/><\/figure>\n<\/figure>\n<\/div>\n<\/div>\n\n\n<style type=\"text\/css\" id=\"gmpMapStyles_1_64177\">\r\n\t#google_map_easy_1_64177 {\r\n        width: 100%;\r\n        height: 350px;\r\n\t\t\t\t\t\t    }\r\n\t#gmapControlsNum_1_64177 {\r\n\t\twidth:100%\t}\r\n\t.gmpMapDetailsContainer#gmpMapDetailsContainer_1_64177 {\r\n\t\theight:350px;\r\n\t}\r\n\t.gmp_MapPreview#google_map_easy_1_64177 {\r\n\t\t\/*position:absolute;*\/\r\n\t\twidth: 100%;\r\n\t}\r\n\t#mapConElem_1_64177{\r\n\t\twidth: 100%\t}\r\n    .gm-style .gm-style-iw-c{\r\n        padding: 12px!important;\r\n    }\r\n\t    <\/style> <div class=\"gmp_map_opts\" id=\"mapConElem_1_64177\" data-id=\"1\" data-view-id=\"1_64177\" > <div class=\"gmpMapDetailsContainer\" id=\"gmpMapDetailsContainer_1_64177\"> <i class=\"gmpKMLLayersPreloader fa fa-spinner fa-spin\" aria-hidden=\"true\" style=\"display: none;\"><\/i> <div class=\"gmp_MapPreview \" id=\"google_map_easy_1_64177\"><\/div> <\/div> <div class=\"gmpMapMarkerFilters\" id=\"gmpMapMarkerFilters_1_64177\"> <\/div> <div class=\"gmpMapProControlsCon\" id=\"gmpMapProControlsCon_1_64177\"> <\/div> <div class=\"gmpMapProDirectionsCon\" id=\"gmpMapProDirectionsCon_1_64177\" > <\/div> <div class=\"gmpMapProKmlFilterCon\" id=\"gmpMapProKmlFilterCon_1_64177\" > <\/div> <div class=\"gmpSocialSharingShell gmpSocialSharingShell_1_64177\"> <\/div> <div style=\"clear: both;\"><\/div> <\/div> \n\n\n\n<hr class=\"wp-block-separator has-css-opacity\"\/>\n\n\n\n<p><\/p>\n\n\n\n<p><\/p>\n\n\n\n<div class=\"wp-container-14 wp-block-columns has-2-columns\">\n<div class=\"wp-container-12 wp-block-column\">\n<p class=\"has-text-align-right\"><\/p>\n\n\n\n<p class=\"has-text-align-right\">Zapraszamy Pa\u0144stwa do zapoznania si\u0119 z nasz\u0105 ofert\u0105 i je\u017celi b\u0119dziecie mie\u0107 Pa\u0144stwo pytanie odno\u015bnie obiektu lub&nbsp;<a href=\"http:\/\/pcdron.home.pl\/lobo\/pl\/pl-o-nas\">naszej firmy,<\/a>&nbsp;prosimy&nbsp;<a href=\"http:\/\/pcdron.home.pl\/lobo\/pl\/pl-kontakt\">skontaktowa\u0107<\/a>&nbsp;si\u0119 z naszym&nbsp;<a href=\"http:\/\/pcdron.home.pl\/lobo\/pl\/wolne-powierzchnie-biurowe\">biurem.<\/a><br><a href=\"http:\/\/pcdron.home.pl\/lobo\/pl\/pl-o-nas\">M\u00f3wimy<\/a>&nbsp;po polsku, po niemiecku i po angielsku.<\/p>\n\n\n\n<p class=\"has-text-align-right\">0048 61 8743 753&nbsp;<strong>tel<\/strong><br>0048 61 8774 209&nbsp;<strong>faks<\/strong><br><a href=\"mailto:biuro@lobo-building.pl\">biuro@lobo-building.pl<\/a>&nbsp;<strong>mail<\/strong><\/p>\n<\/div>\n\n\n\n<div class=\"wp-container-13 wp-block-column\"><div class=\"wp-block-image\">\n<figure class=\"alignleft is-resized\"><img loading=\"lazy\" src=\"http:\/\/www.lobo-building.pl\/wp-content\/uploads\/2019\/03\/lobo-building-5_1.jpg\" alt=\"\" class=\"wp-image-122\" width=\"308\" height=\"342\" srcset=\"https:\/\/www.lobo-building.pl\/wp-content\/uploads\/2019\/03\/lobo-building-5_1.jpg 255w, https:\/\/www.lobo-building.pl\/wp-content\/uploads\/2019\/03\/lobo-building-5_1-200x222.jpg 200w\" sizes=\"(max-width: 308px) 100vw, 308px\" \/><\/figure><\/div><\/div>\n<\/div>\n","protected":false},"excerpt":{"rendered":"<p>To bardzo dobrze, \u017ce odwiedzili\u015bcie nasz\u0105 stron\u0119 internetow\u0105, poniewa\u017c od wrze\u015bnia 1993 zajmujemy si\u0119 wynajmem i dzier\u017caw\u0105 zar\u00f3wno&nbsp;biur&nbsp;jak i powierzchni&nbsp;halowych,&nbsp;kt\u00f3re&nbsp;[&hellip;]<\/p>\n","protected":false},"author":9,"featured_media":0,"parent":0,"menu_order":0,"comment_status":"closed","ping_status":"closed","template":"page-templates\/template_fullwidth.php","meta":[],"_links":{"self":[{"href":"https:\/\/www.lobo-building.pl\/index.php\/wp-json\/wp\/v2\/pages\/19"}],"collection":[{"href":"https:\/\/www.lobo-building.pl\/index.php\/wp-json\/wp\/v2\/pages"}],"about":[{"href":"https:\/\/www.lobo-building.pl\/index.php\/wp-json\/wp\/v2\/types\/page"}],"author":[{"embeddable":true,"href":"https:\/\/www.lobo-building.pl\/index.php\/wp-json\/wp\/v2\/users\/9"}],"replies":[{"embeddable":true,"href":"https:\/\/www.lobo-building.pl\/index.php\/wp-json\/wp\/v2\/comments?post=19"}],"version-history":[{"count":34,"href":"https:\/\/www.lobo-building.pl\/index.php\/wp-json\/wp\/v2\/pages\/19\/revisions"}],"predecessor-version":[{"id":782,"href":"https:\/\/www.lobo-building.pl\/index.php\/wp-json\/wp\/v2\/pages\/19\/revisions\/782"}],"wp:attachment":[{"href":"https:\/\/www.lobo-building.pl\/index.php\/wp-json\/wp\/v2\/media?parent=19"}],"curies":[{"name":"wp","href":"https:\/\/api.w.org\/{rel}","templated":true}]}}