{"id":21,"date":"2019-03-07T13:15:25","date_gmt":"2019-03-07T12:15:25","guid":{"rendered":"http:\/\/www.lobo-building.pl\/?page_id=21"},"modified":"2019-03-13T13:55:04","modified_gmt":"2019-03-13T12:55:04","slug":"kontakt","status":"publish","type":"page","link":"https:\/\/www.lobo-building.pl\/index.php\/kontakt\/","title":{"rendered":"Kontakt"},"content":{"rendered":"\n<div class=\"wp-container-3 wp-block-columns has-2-columns\">\n<div class=\"wp-container-1 wp-block-column\">\n<figure class=\"wp-block-image is-resized\"><img loading=\"lazy\" src=\"http:\/\/www.lobo-building.pl\/wp-content\/uploads\/2019\/03\/lobo-building_logo.png\" alt=\"\" class=\"wp-image-15\" width=\"363\" height=\"182\"\/><\/figure>\n\n\n\n<p>PRZEDSI\u0118BIORSTWO US\u0141UGOWO-HANDLOWE LOBO SP. Z O.O.<\/p>\n\n\n\n<p> ul. Ba\u0142tycka 6, 61-013 Pozna\u0144 <\/p>\n\n\n\n<p><strong>tel:<\/strong>\u00a0+48 61 8743 753<br><strong>faks:<\/strong>\u00a0+48 61 8774 209<br><strong>mail:<\/strong><a href=\"mailot:biuro@lobo-building.pl\">biuro@lobo-building.pl<\/a><\/p>\n\n\n\n<p><\/p>\n\n\n\n<p>Sprawd\u017a na mapie<\/p>\n\n\n<style type=\"text\/css\" id=\"gmpMapStyles_1_11082\">\r\n\t#google_map_easy_1_11082 {\r\n        width: 100%;\r\n        height: 350px;\r\n\t\t\t\t\t\t    }\r\n\t#gmapControlsNum_1_11082 {\r\n\t\twidth:100%\t}\r\n\t.gmpMapDetailsContainer#gmpMapDetailsContainer_1_11082 {\r\n\t\theight:350px;\r\n\t}\r\n\t.gmp_MapPreview#google_map_easy_1_11082 {\r\n\t\t\/*position:absolute;*\/\r\n\t\twidth: 100%;\r\n\t}\r\n\t#mapConElem_1_11082{\r\n\t\twidth: 100%\t}\r\n    .gm-style .gm-style-iw-c{\r\n        padding: 12px!important;\r\n    }\r\n\t    <\/style> <div class=\"gmp_map_opts\" id=\"mapConElem_1_11082\" data-id=\"1\" data-view-id=\"1_11082\" > <div class=\"gmpMapDetailsContainer\" id=\"gmpMapDetailsContainer_1_11082\"> <i class=\"gmpKMLLayersPreloader fa fa-spinner fa-spin\" aria-hidden=\"true\" style=\"display: none;\"><\/i> <div class=\"gmp_MapPreview \" id=\"google_map_easy_1_11082\"><\/div> <\/div> <div class=\"gmpMapMarkerFilters\" id=\"gmpMapMarkerFilters_1_11082\"> <\/div> <div class=\"gmpMapProControlsCon\" id=\"gmpMapProControlsCon_1_11082\"> <\/div> <div class=\"gmpMapProDirectionsCon\" id=\"gmpMapProDirectionsCon_1_11082\" > <\/div> <div class=\"gmpMapProKmlFilterCon\" id=\"gmpMapProKmlFilterCon_1_11082\" > <\/div> <div class=\"gmpSocialSharingShell gmpSocialSharingShell_1_11082\"> <\/div> <div style=\"clear: both;\"><\/div> <\/div> \n<\/div>\n\n\n\n<div class=\"wp-container-2 wp-block-column\">\n\t\t\t<link rel=\"stylesheet\" property=\"stylesheet\" href=\"https:\/\/www.lobo-building.pl\/wp-content\/plugins\/happyforms\/\/core\/assets\/css\/layout.css?ver=1.9.18\" \/>\n\t\t\t\t\t\t<link rel=\"stylesheet\" property=\"stylesheet\" href=\"https:\/\/www.lobo-building.pl\/wp-content\/plugins\/happyforms\/\/core\/assets\/css\/color.css?ver=1.9.18\" \/>\n\t\t\t\t<!-- HappyForms CSS variables -->\n\t<style>\n\t#happyforms-153 {\n\t\t--happyforms-form-width: 100;\n--happyforms-form-title-font-size: 32px;\n--happyforms-part-title-font-size: 16px;\n--happyforms-part-description-font-size: 14px;\n--happyforms-part-value-font-size: 16px;\n--happyforms-submit-button-font-size: 18px;\n--happyforms-color-primary: #000000;\n--happyforms-color-success-notice: #ebf9f0;\n--happyforms-color-success-notice-text: #1eb452;\n--happyforms-color-error: #ff7550;\n--happyforms-color-error-notice: #ffeeea;\n--happyforms-color-error-notice-text: #f23000;\n--happyforms-color-part-title: #000000;\n--happyforms-color-part-value: #000000;\n--happyforms-color-part-placeholder: #888888;\n--happyforms-color-part-description: #454545;\n--happyforms-color-part-border: #dbdbdb;\n--happyforms-color-part-border-focus: #407fff;\n--happyforms-color-part-background: #ffffff;\n--happyforms-color-part-background-focus: #ffffff;\n--happyforms-color-submit-background: #407fff;\n--happyforms-color-submit-background-hover: #3567cc;\n--happyforms-color-submit-border: transparent;\n--happyforms-color-submit-text: #ffffff;\n--happyforms-color-submit-text-hover: #ffffff;\n--happyforms-color-rating: #cccccc;\n--happyforms-color-rating-hover: #f39c00;\n--happyforms-color-table-row-odd: #fcfcfc;\n--happyforms-color-table-row-even: #efefef;\n--happyforms-color-table-row-odd-text: #000000;\n--happyforms-color-table-row-even-text: #000000;\n--happyforms-color-divider-hr: #cccccc;\n--happyforms-color-choice-checkmark-bg: #ffffff;\n--happyforms-color-choice-checkmark-bg-focus: #000000;\n--happyforms-color-choice-checkmark-color: #ffffff;\n--happyforms-color-dropdown-item-bg: #ffffff;\n--happyforms-color-dropdown-item-text: #000000;\n--happyforms-color-dropdown-item-bg-hover: #dbdbdb;\n--happyforms-color-dropdown-item-text-hover: #000000;\n\t}\n\t<\/style>\n\t<!-- End of HappyForms CSS variables -->\n\t<div class=\"happyforms-form happyforms-styles 0\" id=\"happyforms-153\">\n\t<h3 class=\"happyforms-form__title\">Formularz kontaktowy<\/h3>\n\t<form action=\"\" id=\"happyforms-form-153\" method=\"post\" novalidate=\"true\">\n\t\t\n\t\t\t<input type=\"hidden\" name=\"action\" value=\"happyforms_message\">\n\t\t\t\t<input type=\"hidden\" name=\"happyforms_form_id\" value=\"153\" \/>\n\t\t\t<input type=\"hidden\" id=\"happyforms_message_nonce\" name=\"happyforms_message_nonce\" value=\"0c28b4c0b6\" \/><input type=\"hidden\" name=\"_wp_http_referer\" value=\"\/index.php\/wp-json\/wp\/v2\/pages\/21\" \/>\t\t\t<input type=\"hidden\" name=\"happyforms_step\" value=\"0\" \/>\n\t\n\t\t<div class=\"happyforms-flex\">\n\t\t\t\t\t\t\t<label>\n\t\t<input type=\"checkbox\" name=\"153single_line_text_-1\" value=\"1\" style=\"display: none;\" tabindex=\"-1\" autocomplete=\"off\"> <span class=\"screen-reader-text\">Spam protection, skip this field<\/span>\n\t<\/label>\n\t\t\t\t\t\t\t\t\t\t<div class=\"happyforms-form__part happyforms-part happyforms-part--single_line_text happyforms-part--width-half happyforms-part--label-above\" id=\"happyforms-153_single_line_text_0-part\" data-happyforms-type=\"single_line_text\" data-happyforms-id=\"single_line_text_0\" data-happyforms-required=\"\">\n\t<div class=\"happyforms-part-wrap\">\n\t\t\n\t\t\t\t\t\t<div class=\"happyforms-part__label-container\">\n\t\t<label for=\"happyforms-153_single_line_text_0\" class=\"happyforms-part__label\">\n\t\t\t<span class=\"label\">Nazwisko<\/span>\n\t\t\t\t\t\t\t\t\t\t<span class=\"happyforms-optional\">(optional)<\/span>\n\t\t\t\t\t\t\t\t<\/label>\n\t<\/div>\n\t\t\t\n\t\t<div class=\"happyforms-part__el\">\n\t\t\t\n\t\t\t\n\t\t\t<div class=\"happyforms-input\">\n\t\t\t\t\n\t\t\t\t<input id=\"happyforms-153_single_line_text_0\" type=\"text\" name=\"153_single_line_text_0\" value=\"\" placeholder=\"\"  \/>\n\t\t\t\t\t\t\t<\/div>\n\n\t\t\t\n\t\t\t\n\t\t\t\t\t\t\t\t\t\t<span class=\"happyforms-part__description\"><\/span>\n\t\t\t\t\n\t\t\t\t\t<\/div>\n\t<\/div>\n<\/div>\n<div class=\"happyforms-form__part happyforms-part happyforms-part--single_line_text happyforms-part--width-half happyforms-part--label-above\" id=\"happyforms-153_single_line_text_1-part\" data-happyforms-type=\"single_line_text\" data-happyforms-id=\"single_line_text_1\" data-happyforms-required=\"\">\n\t<div class=\"happyforms-part-wrap\">\n\t\t\n\t\t\t\t\t\t<div class=\"happyforms-part__label-container\">\n\t\t<label for=\"happyforms-153_single_line_text_1\" class=\"happyforms-part__label\">\n\t\t\t<span class=\"label\">Firma<\/span>\n\t\t\t\t\t\t\t\t\t\t<span class=\"happyforms-optional\">(optional)<\/span>\n\t\t\t\t\t\t\t\t<\/label>\n\t<\/div>\n\t\t\t\n\t\t<div class=\"happyforms-part__el\">\n\t\t\t\n\t\t\t\n\t\t\t<div class=\"happyforms-input\">\n\t\t\t\t\n\t\t\t\t<input id=\"happyforms-153_single_line_text_1\" type=\"text\" name=\"153_single_line_text_1\" value=\"\" placeholder=\"\"  \/>\n\t\t\t\t\t\t\t<\/div>\n\n\t\t\t\n\t\t\t\n\t\t\t\t\t\t\t\t\t\t<span class=\"happyforms-part__description\"><\/span>\n\t\t\t\t\n\t\t\t\t\t<\/div>\n\t<\/div>\n<\/div>\n<div class=\"happyforms-form__part happyforms-part happyforms-part--multi_line_text happyforms-part--width-full happyforms-part--label-above\" id=\"happyforms-153_multi_line_text_8-part\" data-happyforms-type=\"multi_line_text\" data-happyforms-id=\"multi_line_text_8\" data-happyforms-required=\"\">\n\t<div class=\"happyforms-part-wrap\">\n\t\t\t\t\t\t<div class=\"happyforms-part__label-container\">\n\t\t<label for=\"happyforms-153_multi_line_text_8\" class=\"happyforms-part__label\">\n\t\t\t<span class=\"label\">Adres<\/span>\n\t\t\t\t\t\t\t\t\t\t<span class=\"happyforms-optional\">(optional)<\/span>\n\t\t\t\t\t\t\t\t<\/label>\n\t<\/div>\n\t\t\t\n\t\t<div class=\"happyforms-part__el\">\n\t\t\t\n\t\t\t<textarea id=\"happyforms-153_multi_line_text_8\" name=\"153_multi_line_text_8\" rows=\"5\" placeholder=\"\" ><\/textarea>\n\t\t\t\n\t\t\t\n\t\t\t\t\t\t\t\t\t\t<span class=\"happyforms-part__description\"><\/span>\n\t\t\t\t\n\t\t\t\t\t<\/div>\n\t<\/div>\n<\/div>\n<div class=\"happyforms-part--with-autocomplete happyforms-form__part happyforms-part happyforms-part--email happyforms-part--width-half happyforms-part--label-above\" id=\"happyforms-153_email_5-part\" data-mode=\"autocomplete\" data-happyforms-type=\"email\" data-happyforms-id=\"email_5\" data-happyforms-required=\"\">\n\t\t<div class=\"happyforms-part-wrap\">\n\t\t\t\t\t\t<div class=\"happyforms-part__label-container\">\n\t\t<label for=\"happyforms-153_email_5\" class=\"happyforms-part__label\">\n\t\t\t<span class=\"label\">Email<\/span>\n\t\t\t\t\t\t\t\t\t\t<span class=\"happyforms-optional\">(optional)<\/span>\n\t\t\t\t\t\t\t\t<\/label>\n\t<\/div>\n\t\t\t\n\t\t<div class=\"happyforms-part__el\">\n\t\t\t\n\t\t\t\t\t\t\t<input type=\"hidden\" name=\"153_email_5\" value=\"\" data-serialize \/>\n\n\t\t\t\t<input type=\"email\" name=\"happyforms-153_email_5_dummy_1777906079\" id=\"happyforms-153_email_5\" value=\"\" autocomplete=\"none\" placeholder=\"\"  \/>\n\n\t\t\t\t\t\t\t\n\t\t\t<ul class=\"happyforms-custom-select-dropdown\">\n\t<li class=\"happyforms-custom-select-dropdown__placeholder\" data-value=\"\"><\/li>\n\t\t<\/ul>\n\n\t\t\t\t\t\t\t\t\t\t<span class=\"happyforms-part__description\"><\/span>\n\t\t\t\t\n\t\t\t\n\t\t\t\t\t<\/div>\n\t<\/div>\n\t<\/div>\n<div class=\"happyforms-form__part happyforms-part happyforms-part--single_line_text happyforms-part--width-full happyforms-part--label-above\" id=\"happyforms-153_single_line_text_9-part\" data-happyforms-type=\"single_line_text\" data-happyforms-id=\"single_line_text_9\" data-happyforms-required=\"\">\n\t<div class=\"happyforms-part-wrap\">\n\t\t\n\t\t\t\t\t\t<div class=\"happyforms-part__label-container\">\n\t\t<label for=\"happyforms-153_single_line_text_9\" class=\"happyforms-part__label\">\n\t\t\t<span class=\"label\">dotyczy<\/span>\n\t\t\t\t\t\t\t\t\t\t<span class=\"happyforms-optional\">(optional)<\/span>\n\t\t\t\t\t\t\t\t<\/label>\n\t<\/div>\n\t\t\t\n\t\t<div class=\"happyforms-part__el\">\n\t\t\t\n\t\t\t\n\t\t\t<div class=\"happyforms-input\">\n\t\t\t\t\n\t\t\t\t<input id=\"happyforms-153_single_line_text_9\" type=\"text\" name=\"153_single_line_text_9\" value=\"\" placeholder=\"\"  \/>\n\t\t\t\t\t\t\t<\/div>\n\n\t\t\t\n\t\t\t\n\t\t\t\t\t\t\t\t\t\t<span class=\"happyforms-part__description\"><\/span>\n\t\t\t\t\n\t\t\t\t\t<\/div>\n\t<\/div>\n<\/div>\n<div class=\"happyforms-form__part happyforms-part happyforms-part--multi_line_text happyforms-part--width-full happyforms-part--label-above\" id=\"happyforms-153_multi_line_text_4-part\" data-happyforms-type=\"multi_line_text\" data-happyforms-id=\"multi_line_text_4\" data-happyforms-required=\"\">\n\t<div class=\"happyforms-part-wrap\">\n\t\t\t\t\t\t<div class=\"happyforms-part__label-container\">\n\t\t<label for=\"happyforms-153_multi_line_text_4\" class=\"happyforms-part__label\">\n\t\t\t<span class=\"label\">Wiadomo\u015b\u0107<\/span>\n\t\t\t\t\t\t\t\t\t\t<span class=\"happyforms-optional\">(optional)<\/span>\n\t\t\t\t\t\t\t\t<\/label>\n\t<\/div>\n\t\t\t\n\t\t<div class=\"happyforms-part__el\">\n\t\t\t\n\t\t\t<textarea id=\"happyforms-153_multi_line_text_4\" name=\"153_multi_line_text_4\" rows=\"5\" placeholder=\"\" ><\/textarea>\n\t\t\t\n\t\t\t\n\t\t\t\t\t\t\t\t\t\t<span class=\"happyforms-part__description\"><\/span>\n\t\t\t\t\n\t\t\t\t\t<\/div>\n\t<\/div>\n<\/div>\n<div class=\"happyforms-part--choice display-type--block happyforms-part-options-width--auto happyforms-form__part happyforms-part happyforms-part--radio happyforms-part--width-full happyforms-part--label-above\" id=\"happyforms-153_radio_6-part\" data-happyforms-type=\"radio\" data-happyforms-id=\"radio_6\" data-happyforms-required=\"\">\n\t<div class=\"happyforms-part-wrap\">\n\t\t\t<div class=\"happyforms-part__label-container\">\n\t\t<label for=\"happyforms-153_radio_6\" class=\"happyforms-part__label\">\n\t\t\t<span class=\"label\">Privacy<\/span>\n\t\t\t\t\t\t\t\t\t\t<span class=\"happyforms-optional\">(optional)<\/span>\n\t\t\t\t\t\t\t\t<\/label>\n\t<\/div>\n\t\n\t\t\n\t\t<div class=\"happyforms-part__el\">\n\t\t\t\t\t\t\t\t\t<div class=\"happyforms-part__option happyforms-part-option\" id=\"radio_6_option_1\">\n\t\t\t\t<label class=\"option-label\">\n\t\t\t\t\t<input type=\"radio\" class=\"happyforms-visuallyhidden\" name=\"153_radio_6\" value=\"0\"  >\n\t\t\t\t\t<span class=\"checkmark\">\n\t\t\t\t\t\t<span class=\"happyforms-radio-circle\"><\/span>\n\t\t\t\t\t<\/span>\n\t\t\t\t\t<span class=\"label\">Wyra\u017cam zgod\u0119 na przetwarzanie moich danych osobowych w celach i zakresie zgodnymi z realizacj\u0105 us\u0142ugi newsletter opisanej w Polityce prywatno\u015bci. Wiem, \u017ce zgod\u0119 t\u0105 mog\u0119 w ka\u017cdej chwili wycofa\u0107.<\/span>\n\t\t\t\t<\/label>\n\t\t\t\t<span class=\"happyforms-part-option__description\"><\/span>\n\t\t\t<\/div>\n\t\t\t\n\t\t\t\n\t\t\t\t\t\t<span class=\"happyforms-part__description\"><\/span>\n\t\n\t\t\t\t\t<\/div>\n\t<\/div>\n<\/div>\n\t\t\t\t\t\t<div class=\"happyforms-form__part happyforms-part happyforms-part--submit\">\n\t\t<input type=\"submit\" class=\"happyforms-submit happyforms-button--submit \" value=\"Wy\u015blij\">\n\t<\/div>\t\t<\/div>\n\n\t\t\t<\/form>\n\n\t<\/div>\n<\/div>\n<\/div>\n","protected":false},"excerpt":{"rendered":"<p>PRZEDSI\u0118BIORSTWO US\u0141UGOWO-HANDLOWE LOBO SP. Z O.O. ul. Ba\u0142tycka 6, 61-013 Pozna\u0144 tel:\u00a0+48 61 8743 753faks:\u00a0+48 61 8774 209mail:biuro@lobo-building.pl Sprawd\u017a na&nbsp;[&hellip;]<\/p>\n","protected":false},"author":9,"featured_media":0,"parent":0,"menu_order":0,"comment_status":"closed","ping_status":"closed","template":"page-templates\/template_fullwidth.php","meta":[],"_links":{"self":[{"href":"https:\/\/www.lobo-building.pl\/index.php\/wp-json\/wp\/v2\/pages\/21"}],"collection":[{"href":"https:\/\/www.lobo-building.pl\/index.php\/wp-json\/wp\/v2\/pages"}],"about":[{"href":"https:\/\/www.lobo-building.pl\/index.php\/wp-json\/wp\/v2\/types\/page"}],"author":[{"embeddable":true,"href":"https:\/\/www.lobo-building.pl\/index.php\/wp-json\/wp\/v2\/users\/9"}],"replies":[{"embeddable":true,"href":"https:\/\/www.lobo-building.pl\/index.php\/wp-json\/wp\/v2\/comments?post=21"}],"version-history":[{"count":10,"href":"https:\/\/www.lobo-building.pl\/index.php\/wp-json\/wp\/v2\/pages\/21\/revisions"}],"predecessor-version":[{"id":196,"href":"https:\/\/www.lobo-building.pl\/index.php\/wp-json\/wp\/v2\/pages\/21\/revisions\/196"}],"wp:attachment":[{"href":"https:\/\/www.lobo-building.pl\/index.php\/wp-json\/wp\/v2\/media?parent=21"}],"curies":[{"name":"wp","href":"https:\/\/api.w.org\/{rel}","templated":true}]}}