{"id":299,"date":"2019-03-29T10:48:53","date_gmt":"2019-03-29T09:48:53","guid":{"rendered":"http:\/\/www.lobo-building.pl\/?page_id=299"},"modified":"2019-03-29T10:51:37","modified_gmt":"2019-03-29T09:51:37","slug":"rechtliches-2","status":"publish","type":"page","link":"https:\/\/www.lobo-building.pl\/index.php\/de\/rechtliches-2\/","title":{"rendered":"RECHTLICHES"},"content":{"rendered":"<p><strong>Handelsgericht \/ Amtsgericht:<\/strong>\u00a0XXI Wydz. Gosp. KRS. Nr 0000093517<br \/>\n<strong>Gesch\u00e4ftsf\u00fchrung:<\/strong>\u00a0Dirk Lorenzen &amp; Marcin Klamerek<br \/>\n<strong>NIP-Nummer:<\/strong>\u00a0782-00-32-511<br \/>\n<strong>Statistische Nummer (REGON):<\/strong>\u00a0632228490<\/p>\n<p><strong>Haftungshinweis:<\/strong><br \/>\nDie Inhalte dieses Webprojektes wurden sorgf\u00e4ltig gepr\u00fcft und nach bestem Wissen erstellt. Aber f\u00fcr die hier dargebotenen Informationen wird kein Anspruch auf Vollst\u00e4ndigkeit, Aktualit\u00e4t, Qualit\u00e4t und Richtigkeit erhoben. Trotz sorgf\u00e4ltiger inhaltlicher Kontrolle \u00fcbernehmen wir keine Haftung f\u00fcr die Inhalte externer Links. F\u00fcr den Inhalt der verlinkten Seiten sind ausschlie\u00dflich deren Betreiber verantwortlich.<\/p>\n<p><strong>Rechtlicher Hinweis:<\/strong><br \/>\nEingeblendete Firmennamen, -Logos oder Marken sind Eigentum des jeweiligen Unternehmens oder Dritter.<\/p>\n<p><a name=\"cookies\"><\/a><strong>Cookies Politik:<\/strong><br \/>\n1. Cookies sind Textdateien, die auf der Platte des Endger\u00e4tes des Benutzers gespeichert werden und durch den Server zur Erkennung des Ger\u00e4tes beim n\u00e4chsten Besuch genutzt werden. Cookies werden bei jedem \u201eEingang\u201c und \u201eAusgang\u201c aus der Internetseite abgerufen. Cookies werden nicht zur Identifizierung der Benutzer, sondern deren Ger\u00e4te genutzt.<br \/>\n2. PUH LOBO Sp. z o.o. nutzt Dateien Typ Cookies zur Erkennung und zum Merken von Informationen \u00fcber Benutzer. Dadurch ist eine pr\u00e4zise Erkennung von individuellen Bed\u00fcrfnissen eines Benutzers m\u00f6glich und es k\u00f6nnen ihm bessere und an seine Anforderungen gut angepasste Dienstleistungen angeboten werden.<br \/>\n3. Cookies werden durch PUH LOBO Sp. z o.o. genutzt auch: a. zu statistischen Zwecken &#8211; dadurch ist die Bewertung der Internetseiten und Benutzerbesuche zu internen Zwecken und f\u00fcr Vertragspartner m\u00f6glich,<br \/>\nb. zur Werbung auf Internetseiten &#8211; insbesondere zur Bestimmung des Inhaltes von Werbungen, die auf dem gegebenen Endger\u00e4t angezeigt werden.<br \/>\n4. Weitere Informationen zum Thema Cookies entnehmen Sie bitte der Internetseite\u00a0<a href=\"http:\/\/wszystkoociasteczkach.pl\/?page_id=110\" target=\"_blank\" rel=\"noopener noreferrer\">wszystkoociasteczkach.pl<\/a>\u00a0bzw. der Sektion \u201eHilfe\u201c im Men\u00fc des Browsers.<br \/>\n5. Das L\u00f6schen der Cookies kann dazu f\u00fchren, dass Sie die M\u00f6glichkeit der Benutzung von manchen Funktionalit\u00e4ten der Internetseiten der Firma PUH LOBO Sp. z o.o. verlieren.<\/p>\n","protected":false},"excerpt":{"rendered":"<p>Handelsgericht \/ Amtsgericht:\u00a0XXI Wydz. Gosp. KRS. Nr 0000093517 Gesch\u00e4ftsf\u00fchrung:\u00a0Dirk Lorenzen &amp; Marcin Klamerek NIP-Nummer:\u00a0782-00-32-511 Statistische Nummer (REGON):\u00a0632228490 Haftungshinweis: Die Inhalte&nbsp;[&hellip;]<\/p>\n","protected":false},"author":9,"featured_media":0,"parent":0,"menu_order":0,"comment_status":"closed","ping_status":"closed","template":"page-templates\/template_fullwidth.php","meta":[],"_links":{"self":[{"href":"https:\/\/www.lobo-building.pl\/index.php\/wp-json\/wp\/v2\/pages\/299"}],"collection":[{"href":"https:\/\/www.lobo-building.pl\/index.php\/wp-json\/wp\/v2\/pages"}],"about":[{"href":"https:\/\/www.lobo-building.pl\/index.php\/wp-json\/wp\/v2\/types\/page"}],"author":[{"embeddable":true,"href":"https:\/\/www.lobo-building.pl\/index.php\/wp-json\/wp\/v2\/users\/9"}],"replies":[{"embeddable":true,"href":"https:\/\/www.lobo-building.pl\/index.php\/wp-json\/wp\/v2\/comments?post=299"}],"version-history":[{"count":2,"href":"https:\/\/www.lobo-building.pl\/index.php\/wp-json\/wp\/v2\/pages\/299\/revisions"}],"predecessor-version":[{"id":302,"href":"https:\/\/www.lobo-building.pl\/index.php\/wp-json\/wp\/v2\/pages\/299\/revisions\/302"}],"wp:attachment":[{"href":"https:\/\/www.lobo-building.pl\/index.php\/wp-json\/wp\/v2\/media?parent=299"}],"curies":[{"name":"wp","href":"https:\/\/api.w.org\/{rel}","templated":true}]}}