{"id":3,"date":"2019-03-07T10:50:16","date_gmt":"2019-03-07T09:50:16","guid":{"rendered":"http:\/\/www.lobo-building.pl\/?page_id=3"},"modified":"2019-03-07T21:59:30","modified_gmt":"2019-03-07T20:59:30","slug":"polityka-prywatnosci","status":"publish","type":"page","link":"https:\/\/www.lobo-building.pl\/index.php\/polityka-prywatnosci\/","title":{"rendered":"Polityka prywatno\u015bci"},"content":{"rendered":"\n<h2>Kim jeste\u015bmy<\/h2>\n\n\n\n<p>Adres naszej strony internetowej to: http:\/\/www.lobo-building.pl.<\/p>\n\n\n\n<p><strong>POLITYKA PRYWATNO\u015aCI<\/strong><\/p>\n\n\n\n<p><strong>Obowi\u0105zek Informacyjny<\/strong>&nbsp;<br>Zgodnie z art. 13 Rozporz\u0105dzenia Parlamentu Europejskiego i Rady (UE) 2016\/679 z dnia 27 kwietnia 2016 r. w sprawie ochrony os\u00f3b fizycznych w zwi\u0105zku z przetwarzaniem danych osobowych i w sprawie swobodnego przep\u0142ywu takich danych oraz uchylenia Dyrektywy 95\/46\/WE (og\u00f3lne Rozporz\u0105dzenie&nbsp;o ochronie danych) z dnia 27 kwietnia 2016 r. (Dz.Urz.UE.L Nr 119, str. 1) \u2013 dalej RODO, podajemy poni\u017csze informacje:<\/p>\n\n\n\n<ul><li><strong>Informacja o administratorze danych<\/strong><\/li><\/ul>\n\n\n\n<p>Administratorem Pa\u0144stwa danych osobowych jest Przedsi\u0119biorstwo Us\u0142ugowo-Handlowe &#8220;Lobo&#8221; Sp\u00f3\u0142ka z ograniczon\u0105 odpowiedzialno\u015bci\u0105 z siedzib\u0105 w Poznaniu (ul. Ba\u0142tycka 6, 61-013 Pozna\u0144), zwanej dalej: \u201e<strong>Lobo<\/strong>\u201d. Administrator nie wyznaczy\u0142 inspektora ochrony danych osobowych.<\/p>\n\n\n\n<ul><li><strong>Spos\u00f3b skontaktowania si\u0119 z osob\u0105 odpowiedzialn\u0105 za dane osobowe<\/strong><\/li><\/ul>\n\n\n\n<p>Z osob\u0105 odpowiedzialn\u0105 za dane osobowe mo\u017cna kontaktowa\u0107 si\u0119 poczt\u0105 elektroniczn\u0105 pod adresem e-mail:&nbsp;<a href=\"mailto:biuro@lobo-building.pl\">biuro@lobo-building.pl<\/a>&nbsp;lub poczt\u0105 tradycyjn\u0105 skierowan\u0105 na adres: P.U.H. Lobo Sp. z o. o., ul. Ba\u0142tycka 6, 61-013 Pozna\u0144.<\/p>\n\n\n\n<ul><li><strong>Cele przetwarzania<\/strong><\/li><\/ul>\n\n\n\n<p>Pa\u0144stwa dane osobowe pozyskiwane s\u0105 i przetwarzane w zwi\u0105zku z przygotowywaniem ofert i zawieraniem um\u00f3w najmu oraz dzier\u017cawy powierzchni biurowych i halowych (magazynowych), a tak\u017ce w zwi\u0105zku z realizacj\u0105 zapis\u00f3w zawartych um\u00f3w.<\/p>\n\n\n\n<p>Dane te b\u0119d\u0105 przetwarzane w celach sprzeda\u017cy us\u0142ug oraz w celach marketingowych.<\/p>\n\n\n\n<ul><li><strong>Podstawa prawna<\/strong><\/li><\/ul>\n\n\n\n<p>Podstaw\u0105 prawn\u0105 przetwarzania Pa\u0144stwa danych b\u0119dzie:<\/p>\n\n\n\n<ol><li>Niezb\u0119dno\u015b\u0107 do wykonania umowy lub podj\u0119cia dzia\u0142a\u0144 na Pa\u0144stwa \u017c\u0105danie przed zawarciem umowy.<\/li><li>Niezb\u0119dno\u015b\u0107 do wype\u0142nienia obowi\u0105zku prawnego ci\u0105\u017c\u0105cego na administratorze.<\/li><li>Prawnie uzasadnione interesy realizowane przez administratora.<\/li><li><strong>Kategorie pozyskiwanych danych osobowych<\/strong><\/li><\/ol>\n\n\n\n<p>W celu realizacji zapis\u00f3w zwi\u0105zanych z dzia\u0142alno\u015bci\u0105 Lobo pozyskujemy od Pa\u0144stwa nast\u0119puj\u0105ce kategorie danych osobowych:<br>&nbsp;&nbsp;&nbsp;&nbsp;&nbsp;&nbsp;&nbsp;&nbsp;&nbsp;&nbsp;&nbsp;&nbsp;W stosunku do kontrahent\u00f3w:<\/p>\n\n\n\n<ol><li>Dane kontaktowe: imi\u0119 i nazwisko, nazwa firmy, adres prowadzonej dzia\u0142alno\u015bci gospodarczej, adres i siedziba sp\u00f3\u0142ki, numer telefonu, adres email,<\/li><li>Informacje identyfikacyjne: numer identyfikacji podatkowej (NIP), numer REGON, numer Krajowego Rejestru S\u0105dowego (KRS),<\/li><li>Informacje finansowe: numer rachunku bankowego i szczeg\u00f3\u0142owe informacje dotycz\u0105ce p\u0142atno\u015bci,<\/li><li>Inne informacje wskazane przez Pa\u0144stwa w ramach realizacji umowy.<\/li><\/ol>\n\n\n\n<p>W stosunku do pracownik\u00f3w:<\/p>\n\n\n\n<ol><li>Dane kontaktowe: imi\u0119 i nazwisko, adres zamieszkania, numer telefonu, adres email,<\/li><li>Informacje identyfikacyjne: numer PESEL, numery identyfikacyjne stosowane przez w\u0142adze (np. numer ubezpieczenia spo\u0142ecznego), data urodzenia,<\/li><li>Informacje finansowe: numer rachunku bankowego i szczeg\u00f3\u0142owe informacje dotycz\u0105ce p\u0142atno\u015bci oraz inne informacje dotycz\u0105ce wynagrodzenia,<\/li><li>Informacje zwi\u0105zane ze zdrowiem pracownika (np. raporty dotycz\u0105ce medycyny pracy oraz informacje o stanie zdrowia i zwolnieniach lekarskich),<\/li><li>Inne informacje wskazane przez pracownika w ramach zawartego stosunku pracy.<\/li><li><strong>Informacje o odbiorcach danych osobowych<\/strong><\/li><\/ol>\n\n\n\n<p>Pa\u0144stwa dane mog\u0105 by\u0107 przekazywane nast\u0119puj\u0105cym podmiotom:<\/p>\n\n\n\n<ol><li>Podmiotom lub organom uprawnionym na podstawie przepis\u00f3w prawa,<\/li><li>Podmiotom \u015bwiadcz\u0105cym us\u0142ugi w zakresie wsparcia technicznego oraz utrzymania systemu IT,<\/li><li>Podmiotom \u015bwiadcz\u0105cym us\u0142ugi doradztwa podatkowego,<\/li><li>Zewn\u0119trznym doradcom prawnym.<\/li><li><strong>Informacje o zamiarze przekazania danych osobowych do pa\u0144stwa trzeciego<\/strong><\/li><\/ol>\n\n\n\n<p>Pa\u0144stwa dane nie b\u0119d\u0105 przekazane do pa\u0144stw trzecich, o ile nie b\u0119dzie to wymagane przy realizacji zapis\u00f3w umownych sp\u00f3\u0142ki Lobo oraz zwi\u0105zanych z dzia\u0142alno\u015bci\u0105 sp\u00f3\u0142ki Lobo.<\/p>\n\n\n\n<ul><li><strong>Okres, przez kt\u00f3ry dane osobowe b\u0119d\u0105 przechowywane<\/strong><\/li><\/ul>\n\n\n\n<p>Okres przetwarzania Pa\u0144stwa danych osobowych jest uzale\u017cniony od celu, w jakim s\u0105 przetwarzane.<\/p>\n\n\n\n<ol><li>Dane dotycz\u0105ce wykonywania umowy \u2013 10 lat.<\/li><li>Dzia\u0142ania marketingowe \u2013 do odwo\u0142ania zgody lub wniesienia sprzeciwu.<\/li><\/ol>\n\n\n\n<p>Okres przetwarzania okre\u015blany jest przepisami prawa, kt\u00f3re obliguj\u0105 Lobo do przetwarzania danych przez okre\u015blony czas.<\/p>\n\n\n\n<ul><li><strong>Informacje o prawie \u017c\u0105dania od administratora dost\u0119pu do danych osobowych<\/strong><\/li><\/ul>\n\n\n\n<p>Informujemy, \u017ce maj\u0105 Pa\u0144stwo prawo do:<\/p>\n\n\n\n<ol><li>\u017b\u0105dania dost\u0119pu do danych osobowych dotycz\u0105cych Pa\u0144stwa.<\/li><li>Sprostowania danych.<\/li><li>\u017b\u0105dania uzupe\u0142nienia niekompletnych danych osobowych, w tym poprzez przedstawienie dodatkowego o\u015bwiadczenia.<\/li><li>Usuni\u0119cia danych lub ograniczenia przetwarzania.<\/li><li>Wniesienia sprzeciwu wobec dalszego przetwarzania Pa\u0144stwa danych osobowych.<\/li><li>Przeniesienia danych osobowych.<\/li><li>Tego, by nie podlega\u0107 decyzji, kt\u00f3ra opiera si\u0119 na w pe\u0142ni zautomatyzowanym przetwarzaniu.<\/li><li><strong>Informacje o prawie do cofni\u0119cia zgody<\/strong><\/li><\/ol>\n\n\n\n<p>Maj\u0105 Pa\u0144stwo prawo do cofni\u0119cia wyra\u017conej zgody w dowolnym momencie. Wycofanie zgody nie ma wp\u0142ywu na zgodno\u015b\u0107 z prawem przetwarzania Pa\u0144stwa danych.<\/p>\n\n\n\n<ul><li><strong>Informacje o prawie wniesienia skargi do organu nadzorczego<\/strong><\/li><\/ul>\n\n\n\n<p>W przypadku w\u0105tpliwo\u015bci co do prawid\u0142owo\u015bci przetwarzania Pa\u0144stwa danych osobowych przez Lobo, maj\u0105 Pa\u0144stwo prawo wniesienia skargi do organu nadzorczego.<\/p>\n\n\n\n<ul><li><strong>Informacja o dobrowolno\u015bci podania danych osobowych<\/strong><\/li><\/ul>\n\n\n\n<p>Podanie danych jest warunkiem zawarcia umowy i wykonywania innych czynno\u015bci zwi\u0105zanych z dzia\u0142alno\u015bci\u0105 Lobo.<\/p>\n\n\n\n<ul><li><strong>Informacje o zautomatyzowanym podejmowaniu decyzji<\/strong><\/li><\/ul>\n\n\n\n<p>Lobo korzysta z system\u00f3w s\u0142u\u017c\u0105cych do zautomatyzowanego podejmowania decyzji. Decyzje mog\u0105 by\u0107 podejmowane w spos\u00f3b zautomatyzowany na zasadzie profilowania. Profilowanie wykonywane jest w oparciu o posiadane dane, w szczeg\u00f3lno\u015bci o dane dotycz\u0105ce \u015bwiadczonych wcze\u015bniej us\u0142ug. Profilowanie mo\u017ce mie\u0107 wp\u0142yw na informacje marketingowe oraz oferty, jakie Pa\u0144stwo mog\u0105 otrzymywa\u0107 \u2013 oferta b\u0119dzie dopasowywana do Pa\u0144stwa potrzeb<\/p>\n","protected":false},"excerpt":{"rendered":"<p>Kim jeste\u015bmy Adres naszej strony internetowej to: http:\/\/www.lobo-building.pl. POLITYKA PRYWATNO\u015aCI Obowi\u0105zek Informacyjny&nbsp;Zgodnie z art. 13 Rozporz\u0105dzenia Parlamentu Europejskiego i Rady&nbsp;[&hellip;]<\/p>\n","protected":false},"author":9,"featured_media":0,"parent":0,"menu_order":0,"comment_status":"closed","ping_status":"open","template":"page-templates\/template_fullwidth.php","meta":[],"_links":{"self":[{"href":"https:\/\/www.lobo-building.pl\/index.php\/wp-json\/wp\/v2\/pages\/3"}],"collection":[{"href":"https:\/\/www.lobo-building.pl\/index.php\/wp-json\/wp\/v2\/pages"}],"about":[{"href":"https:\/\/www.lobo-building.pl\/index.php\/wp-json\/wp\/v2\/types\/page"}],"author":[{"embeddable":true,"href":"https:\/\/www.lobo-building.pl\/index.php\/wp-json\/wp\/v2\/users\/9"}],"replies":[{"embeddable":true,"href":"https:\/\/www.lobo-building.pl\/index.php\/wp-json\/wp\/v2\/comments?post=3"}],"version-history":[{"count":1,"href":"https:\/\/www.lobo-building.pl\/index.php\/wp-json\/wp\/v2\/pages\/3\/revisions"}],"predecessor-version":[{"id":150,"href":"https:\/\/www.lobo-building.pl\/index.php\/wp-json\/wp\/v2\/pages\/3\/revisions\/150"}],"wp:attachment":[{"href":"https:\/\/www.lobo-building.pl\/index.php\/wp-json\/wp\/v2\/media?parent=3"}],"curies":[{"name":"wp","href":"https:\/\/api.w.org\/{rel}","templated":true}]}}