{"id":694,"date":"2025-06-27T09:38:14","date_gmt":"2025-06-27T07:38:14","guid":{"rendered":"https:\/\/www.lobo-building.pl\/?page_id=694"},"modified":"2025-12-12T14:08:35","modified_gmt":"2025-12-12T13:08:35","slug":"wolne-powierzchnie-biurowe-i-magazynowe","status":"publish","type":"page","link":"https:\/\/www.lobo-building.pl\/index.php\/wolne-powierzchnie-biurowe-i-magazynowe\/","title":{"rendered":"Wolne powierzchnie biurowe i magazynowe"},"content":{"rendered":"\t\t<div data-elementor-type=\"wp-page\" data-elementor-id=\"694\" class=\"elementor elementor-694\" data-elementor-settings=\"[]\">\n\t\t\t\t\t\t<div class=\"elementor-inner\">\n\t\t\t\t\t\t\t<div class=\"elementor-section-wrap\">\n\t\t\t\t\t\t\t<section class=\"elementor-section elementor-top-section elementor-element elementor-element-8b42563 elementor-section-boxed elementor-section-height-default elementor-section-height-default\" data-id=\"8b42563\" data-element_type=\"section\">\n\t\t\t\t\t\t<div class=\"elementor-container elementor-column-gap-default\">\n\t\t\t\t\t\t\t<div class=\"elementor-row\">\n\t\t\t\t\t<div class=\"elementor-column elementor-col-100 elementor-top-column elementor-element elementor-element-954ca3a\" data-id=\"954ca3a\" data-element_type=\"column\">\n\t\t\t<div class=\"elementor-column-wrap elementor-element-populated\">\n\t\t\t\t\t\t\t<div class=\"elementor-widget-wrap\">\n\t\t\t\t\t\t<div class=\"elementor-element elementor-element-d02aab9 elementor-widget elementor-widget-heading\" data-id=\"d02aab9\" data-element_type=\"widget\" data-widget_type=\"heading.default\">\n\t\t\t\t<div class=\"elementor-widget-container\">\n\t\t\t<h2 class=\"elementor-heading-title elementor-size-default\">Dost\u0119pne od 01\/01\/2026<\/h2>\t\t<\/div>\n\t\t\t\t<\/div>\n\t\t\t\t\t\t<\/div>\n\t\t\t\t\t<\/div>\n\t\t<\/div>\n\t\t\t\t\t\t\t\t<\/div>\n\t\t\t\t\t<\/div>\n\t\t<\/section>\n\t\t\t\t<section class=\"elementor-section elementor-top-section elementor-element elementor-element-3d17045 elementor-section-boxed elementor-section-height-default elementor-section-height-default\" data-id=\"3d17045\" data-element_type=\"section\">\n\t\t\t\t\t\t<div class=\"elementor-container elementor-column-gap-default\">\n\t\t\t\t\t\t\t<div class=\"elementor-row\">\n\t\t\t\t\t<div class=\"elementor-column elementor-col-100 elementor-top-column elementor-element elementor-element-7602b47\" data-id=\"7602b47\" data-element_type=\"column\">\n\t\t\t<div class=\"elementor-column-wrap elementor-element-populated\">\n\t\t\t\t\t\t\t<div class=\"elementor-widget-wrap\">\n\t\t\t\t\t\t<div class=\"elementor-element elementor-element-ecdd654 elementor-widget elementor-widget-image\" data-id=\"ecdd654\" data-element_type=\"widget\" data-widget_type=\"image.default\">\n\t\t\t\t<div class=\"elementor-widget-container\">\n\t\t\t\t\t<div class=\"elementor-image\">\n\t\t\t\t\t\t\t\t\t\t<img width=\"1024\" height=\"574\" src=\"https:\/\/www.lobo-building.pl\/wp-content\/uploads\/2021\/07\/B9_ZEWNETRZE-1024x574.jpg\" class=\"attachment-large size-large\" alt=\"\" loading=\"lazy\" srcset=\"https:\/\/www.lobo-building.pl\/wp-content\/uploads\/2021\/07\/B9_ZEWNETRZE-1024x574.jpg 1024w, https:\/\/www.lobo-building.pl\/wp-content\/uploads\/2021\/07\/B9_ZEWNETRZE-300x168.jpg 300w, https:\/\/www.lobo-building.pl\/wp-content\/uploads\/2021\/07\/B9_ZEWNETRZE-768x430.jpg 768w, https:\/\/www.lobo-building.pl\/wp-content\/uploads\/2021\/07\/B9_ZEWNETRZE-1536x860.jpg 1536w, https:\/\/www.lobo-building.pl\/wp-content\/uploads\/2021\/07\/B9_ZEWNETRZE-2048x1147.jpg 2048w, https:\/\/www.lobo-building.pl\/wp-content\/uploads\/2021\/07\/B9_ZEWNETRZE-200x112.jpg 200w, https:\/\/www.lobo-building.pl\/wp-content\/uploads\/2021\/07\/B9_ZEWNETRZE-690x387.jpg 690w\" sizes=\"(max-width: 1024px) 100vw, 1024px\" \/>\t\t\t\t\t\t\t\t\t\t\t<\/div>\n\t\t\t\t<\/div>\n\t\t\t\t<\/div>\n\t\t\t\t\t\t<\/div>\n\t\t\t\t\t<\/div>\n\t\t<\/div>\n\t\t\t\t\t\t\t\t<\/div>\n\t\t\t\t\t<\/div>\n\t\t<\/section>\n\t\t\t\t<section class=\"elementor-section elementor-top-section elementor-element elementor-element-e50e44f elementor-section-boxed elementor-section-height-default elementor-section-height-default\" data-id=\"e50e44f\" data-element_type=\"section\">\n\t\t\t\t\t\t<div class=\"elementor-container elementor-column-gap-default\">\n\t\t\t\t\t\t\t<div class=\"elementor-row\">\n\t\t\t\t\t<div class=\"elementor-column elementor-col-100 elementor-top-column elementor-element elementor-element-386e945\" data-id=\"386e945\" data-element_type=\"column\">\n\t\t\t<div class=\"elementor-column-wrap elementor-element-populated\">\n\t\t\t\t\t\t\t<div class=\"elementor-widget-wrap\">\n\t\t\t\t\t\t<div class=\"elementor-element elementor-element-6892d39 elementor-widget elementor-widget-heading\" data-id=\"6892d39\" data-element_type=\"widget\" data-widget_type=\"heading.default\">\n\t\t\t\t<div class=\"elementor-widget-container\">\n\t\t\t<h2 class=\"elementor-heading-title elementor-size-default\">Biuro 24m2 (1. pi\u0119tro)<\/h2>\t\t<\/div>\n\t\t\t\t<\/div>\n\t\t\t\t\t\t<\/div>\n\t\t\t\t\t<\/div>\n\t\t<\/div>\n\t\t\t\t\t\t\t\t<\/div>\n\t\t\t\t\t<\/div>\n\t\t<\/section>\n\t\t\t\t<section class=\"elementor-section elementor-top-section elementor-element elementor-element-659be85 elementor-section-boxed elementor-section-height-default elementor-section-height-default\" data-id=\"659be85\" data-element_type=\"section\">\n\t\t\t\t\t\t<div class=\"elementor-container elementor-column-gap-default\">\n\t\t\t\t\t\t\t<div class=\"elementor-row\">\n\t\t\t\t\t<div class=\"elementor-column elementor-col-50 elementor-top-column elementor-element elementor-element-bd5a561\" data-id=\"bd5a561\" data-element_type=\"column\">\n\t\t\t<div class=\"elementor-column-wrap elementor-element-populated\">\n\t\t\t\t\t\t\t<div class=\"elementor-widget-wrap\">\n\t\t\t\t\t\t<div class=\"elementor-element elementor-element-5d698a1 elementor-widget elementor-widget-text-editor\" data-id=\"5d698a1\" data-element_type=\"widget\" data-widget_type=\"text-editor.default\">\n\t\t\t\t<div class=\"elementor-widget-container\">\n\t\t\t\t\t<div class=\"elementor-text-editor elementor-clearfix\"><p>\u2022 nowoczesne, przestronne biuro<br \/>\u2022 okna z tworzywa sztucznego<br \/>\u2022 p\u0142ytki pod\u0142ogowe i wyk\u0142adziny dywanowe<br \/>\u2022 tapeta z w\u0142\u00f3kna szklanego<br \/>\u2022 ogrzewanie centralne z kot\u0142owni gazowej<br \/>\u2022 instalacja telefoniczna analogowa, telefonia Voice over IP oraz szerokopasmowy internet<br \/>\u2022 klimatyzacja<br \/>\u2022 kuchnia<br \/>\u2022 Toaleta<\/p><\/div>\n\t\t\t\t<\/div>\n\t\t\t\t<\/div>\n\t\t\t\t<div class=\"elementor-element elementor-element-ff2080c elementor-widget elementor-widget-text-editor\" data-id=\"ff2080c\" data-element_type=\"widget\" data-widget_type=\"text-editor.default\">\n\t\t\t\t<div class=\"elementor-widget-container\">\n\t\t\t\t\t<div class=\"elementor-text-editor elementor-clearfix\"><p><span style=\"color: #ff0000;\"><strong>Cena: 41,90 z\u0142 netto\/1m2<\/strong><\/span><br \/><span style=\"color: #ff0000;\"><strong>+koszty eksploatacyjne<\/strong><\/span><br \/><span style=\"color: #ff0000;\"><strong>Obiekty dost\u0119pny: od 01.08.2025r.<\/strong><\/span><\/p><\/div>\n\t\t\t\t<\/div>\n\t\t\t\t<\/div>\n\t\t\t\t<div class=\"elementor-element elementor-element-d9068a5 elementor-widget elementor-widget-image\" data-id=\"d9068a5\" data-element_type=\"widget\" data-widget_type=\"image.default\">\n\t\t\t\t<div class=\"elementor-widget-container\">\n\t\t\t\t\t<div class=\"elementor-image\">\n\t\t\t\t\t\t\t\t\t\t<img width=\"764\" height=\"1024\" src=\"https:\/\/www.lobo-building.pl\/wp-content\/uploads\/2020\/08\/Zrzut-ekranu-2020-08-29-o-20.37.51-764x1024.png\" class=\"attachment-large size-large\" alt=\"\" loading=\"lazy\" srcset=\"https:\/\/www.lobo-building.pl\/wp-content\/uploads\/2020\/08\/Zrzut-ekranu-2020-08-29-o-20.37.51-764x1024.png 764w, https:\/\/www.lobo-building.pl\/wp-content\/uploads\/2020\/08\/Zrzut-ekranu-2020-08-29-o-20.37.51-224x300.png 224w, https:\/\/www.lobo-building.pl\/wp-content\/uploads\/2020\/08\/Zrzut-ekranu-2020-08-29-o-20.37.51-768x1029.png 768w, https:\/\/www.lobo-building.pl\/wp-content\/uploads\/2020\/08\/Zrzut-ekranu-2020-08-29-o-20.37.51-200x268.png 200w, https:\/\/www.lobo-building.pl\/wp-content\/uploads\/2020\/08\/Zrzut-ekranu-2020-08-29-o-20.37.51-690x925.png 690w, https:\/\/www.lobo-building.pl\/wp-content\/uploads\/2020\/08\/Zrzut-ekranu-2020-08-29-o-20.37.51.png 870w\" sizes=\"(max-width: 764px) 100vw, 764px\" \/>\t\t\t\t\t\t\t\t\t\t\t<\/div>\n\t\t\t\t<\/div>\n\t\t\t\t<\/div>\n\t\t\t\t\t\t<\/div>\n\t\t\t\t\t<\/div>\n\t\t<\/div>\n\t\t\t\t<div class=\"elementor-column elementor-col-50 elementor-top-column elementor-element elementor-element-abf494e\" data-id=\"abf494e\" data-element_type=\"column\">\n\t\t\t<div class=\"elementor-column-wrap elementor-element-populated\">\n\t\t\t\t\t\t\t<div class=\"elementor-widget-wrap\">\n\t\t\t\t\t\t<div class=\"elementor-element elementor-element-9bc039f elementor-widget elementor-widget-image\" data-id=\"9bc039f\" data-element_type=\"widget\" data-widget_type=\"image.default\">\n\t\t\t\t<div class=\"elementor-widget-container\">\n\t\t\t\t\t<div class=\"elementor-image\">\n\t\t\t\t\t\t\t\t\t\t<img width=\"768\" height=\"1024\" src=\"https:\/\/www.lobo-building.pl\/wp-content\/uploads\/2021\/07\/ASPAND_POKOJ_4-768x1024.jpg\" class=\"attachment-large size-large\" alt=\"\" loading=\"lazy\" srcset=\"https:\/\/www.lobo-building.pl\/wp-content\/uploads\/2021\/07\/ASPAND_POKOJ_4-768x1024.jpg 768w, https:\/\/www.lobo-building.pl\/wp-content\/uploads\/2021\/07\/ASPAND_POKOJ_4-225x300.jpg 225w, https:\/\/www.lobo-building.pl\/wp-content\/uploads\/2021\/07\/ASPAND_POKOJ_4-1152x1536.jpg 1152w, https:\/\/www.lobo-building.pl\/wp-content\/uploads\/2021\/07\/ASPAND_POKOJ_4-200x267.jpg 200w, https:\/\/www.lobo-building.pl\/wp-content\/uploads\/2021\/07\/ASPAND_POKOJ_4-690x920.jpg 690w, https:\/\/www.lobo-building.pl\/wp-content\/uploads\/2021\/07\/ASPAND_POKOJ_4.jpg 1224w\" sizes=\"(max-width: 768px) 100vw, 768px\" \/>\t\t\t\t\t\t\t\t\t\t\t<\/div>\n\t\t\t\t<\/div>\n\t\t\t\t<\/div>\n\t\t\t\t<div class=\"elementor-element elementor-element-975e456 elementor-widget elementor-widget-image\" data-id=\"975e456\" data-element_type=\"widget\" data-widget_type=\"image.default\">\n\t\t\t\t<div class=\"elementor-widget-container\">\n\t\t\t\t\t<div class=\"elementor-image\">\n\t\t\t\t\t\t\t\t\t\t<img width=\"770\" height=\"840\" src=\"https:\/\/www.lobo-building.pl\/wp-content\/uploads\/2022\/02\/oferta-najmu-B9_ECO_KERRY_08-2021_1.jpg\" class=\"attachment-large size-large\" alt=\"\" loading=\"lazy\" srcset=\"https:\/\/www.lobo-building.pl\/wp-content\/uploads\/2022\/02\/oferta-najmu-B9_ECO_KERRY_08-2021_1.jpg 770w, https:\/\/www.lobo-building.pl\/wp-content\/uploads\/2022\/02\/oferta-najmu-B9_ECO_KERRY_08-2021_1-275x300.jpg 275w, https:\/\/www.lobo-building.pl\/wp-content\/uploads\/2022\/02\/oferta-najmu-B9_ECO_KERRY_08-2021_1-768x838.jpg 768w, https:\/\/www.lobo-building.pl\/wp-content\/uploads\/2022\/02\/oferta-najmu-B9_ECO_KERRY_08-2021_1-200x218.jpg 200w, https:\/\/www.lobo-building.pl\/wp-content\/uploads\/2022\/02\/oferta-najmu-B9_ECO_KERRY_08-2021_1-690x753.jpg 690w\" sizes=\"(max-width: 770px) 100vw, 770px\" \/>\t\t\t\t\t\t\t\t\t\t\t<\/div>\n\t\t\t\t<\/div>\n\t\t\t\t<\/div>\n\t\t\t\t\t\t<\/div>\n\t\t\t\t\t<\/div>\n\t\t<\/div>\n\t\t\t\t\t\t\t\t<\/div>\n\t\t\t\t\t<\/div>\n\t\t<\/section>\n\t\t\t\t<section class=\"elementor-section elementor-top-section elementor-element elementor-element-18994c8 elementor-section-boxed elementor-section-height-default elementor-section-height-default\" data-id=\"18994c8\" data-element_type=\"section\">\n\t\t\t\t\t\t<div class=\"elementor-container elementor-column-gap-default\">\n\t\t\t\t\t\t\t<div class=\"elementor-row\">\n\t\t\t\t\t<div class=\"elementor-column elementor-col-100 elementor-top-column elementor-element elementor-element-c438c1b\" data-id=\"c438c1b\" data-element_type=\"column\">\n\t\t\t<div class=\"elementor-column-wrap elementor-element-populated\">\n\t\t\t\t\t\t\t<div class=\"elementor-widget-wrap\">\n\t\t\t\t\t\t<div class=\"elementor-element elementor-element-4acc9f5 elementor-widget elementor-widget-heading\" data-id=\"4acc9f5\" data-element_type=\"widget\" data-widget_type=\"heading.default\">\n\t\t\t\t<div class=\"elementor-widget-container\">\n\t\t\t<h2 class=\"elementor-heading-title elementor-size-default\">BIURO 45m2 \u2013 (PARTER)<\/h2>\t\t<\/div>\n\t\t\t\t<\/div>\n\t\t\t\t\t\t<\/div>\n\t\t\t\t\t<\/div>\n\t\t<\/div>\n\t\t\t\t\t\t\t\t<\/div>\n\t\t\t\t\t<\/div>\n\t\t<\/section>\n\t\t\t\t<section class=\"elementor-section elementor-top-section elementor-element elementor-element-d128efe elementor-section-boxed elementor-section-height-default elementor-section-height-default\" data-id=\"d128efe\" data-element_type=\"section\">\n\t\t\t\t\t\t<div class=\"elementor-container elementor-column-gap-default\">\n\t\t\t\t\t\t\t<div class=\"elementor-row\">\n\t\t\t\t\t<div class=\"elementor-column elementor-col-50 elementor-top-column elementor-element elementor-element-2d76940\" data-id=\"2d76940\" data-element_type=\"column\">\n\t\t\t<div class=\"elementor-column-wrap elementor-element-populated\">\n\t\t\t\t\t\t\t<div class=\"elementor-widget-wrap\">\n\t\t\t\t\t\t<div class=\"elementor-element elementor-element-92715d9 elementor-widget elementor-widget-text-editor\" data-id=\"92715d9\" data-element_type=\"widget\" data-widget_type=\"text-editor.default\">\n\t\t\t\t<div class=\"elementor-widget-container\">\n\t\t\t\t\t<div class=\"elementor-text-editor elementor-clearfix\"><p>\u2022 pomieszczenia biurowe o pow. 45 m\u00b2 po\u0142o\u017cone na parterze budynku<br \/>biurowego,<br \/>\u2022 nowoczesny design;<br \/>\u2022 kompletnie wyremontowane wraz z<br \/>aluminiowymi oknami i elewacj\u0105<br \/>\u2022 centralne ogrzewanie z w\u0142asnej kot\u0142owni gazowej,<br \/>\u2022 posadzka pokryta ig\u0142owan\u0105 wyk\u0142adzin\u0105 dywanow\u0105,<br \/>\u2022 granitowa posadzka na klatce schodowej<br \/>\u2022 instalacja komputerowa,<br \/>\u2022 instalacja telefoniczna analogowa, telefonia Voice<br \/>over IP i \u015bwiat\u0142owodowe przy\u0142\u0105cze internetowe<br \/>\u2022 aneks kuchenny i toaleta na parterze<\/p><\/div>\n\t\t\t\t<\/div>\n\t\t\t\t<\/div>\n\t\t\t\t<div class=\"elementor-element elementor-element-17f387b elementor-widget elementor-widget-text-editor\" data-id=\"17f387b\" data-element_type=\"widget\" data-widget_type=\"text-editor.default\">\n\t\t\t\t<div class=\"elementor-widget-container\">\n\t\t\t\t\t<div class=\"elementor-text-editor elementor-clearfix\"><p><span style=\"color: #ff0000;\"><strong>Cena najmu: 50,00 z\u0142 netto\/1m2 + koszty eksploatacyjne<\/strong><\/span><br \/><span style=\"color: #ff0000;\"><strong>Obiekty dost\u0119pny od: 01.07.2025r.<\/strong><\/span><\/p><\/div>\n\t\t\t\t<\/div>\n\t\t\t\t<\/div>\n\t\t\t\t<div class=\"elementor-element elementor-element-6c9cb31 elementor-widget elementor-widget-image\" data-id=\"6c9cb31\" data-element_type=\"widget\" data-widget_type=\"image.default\">\n\t\t\t\t<div class=\"elementor-widget-container\">\n\t\t\t\t\t<div class=\"elementor-image\">\n\t\t\t\t\t\t\t\t\t\t<img width=\"881\" height=\"665\" src=\"https:\/\/www.lobo-building.pl\/wp-content\/uploads\/2025\/06\/lobo1.png\" class=\"attachment-large size-large\" alt=\"\" loading=\"lazy\" srcset=\"https:\/\/www.lobo-building.pl\/wp-content\/uploads\/2025\/06\/lobo1.png 881w, https:\/\/www.lobo-building.pl\/wp-content\/uploads\/2025\/06\/lobo1-300x226.png 300w, https:\/\/www.lobo-building.pl\/wp-content\/uploads\/2025\/06\/lobo1-768x580.png 768w, https:\/\/www.lobo-building.pl\/wp-content\/uploads\/2025\/06\/lobo1-200x151.png 200w, https:\/\/www.lobo-building.pl\/wp-content\/uploads\/2025\/06\/lobo1-690x521.png 690w\" sizes=\"(max-width: 881px) 100vw, 881px\" \/>\t\t\t\t\t\t\t\t\t\t\t<\/div>\n\t\t\t\t<\/div>\n\t\t\t\t<\/div>\n\t\t\t\t<div class=\"elementor-element elementor-element-97d665a elementor-widget elementor-widget-image\" data-id=\"97d665a\" data-element_type=\"widget\" data-widget_type=\"image.default\">\n\t\t\t\t<div class=\"elementor-widget-container\">\n\t\t\t\t\t<div class=\"elementor-image\">\n\t\t\t\t\t\t\t\t\t\t<img width=\"840\" height=\"635\" src=\"https:\/\/www.lobo-building.pl\/wp-content\/uploads\/2025\/06\/Lobo2.png\" class=\"attachment-large size-large\" alt=\"\" loading=\"lazy\" srcset=\"https:\/\/www.lobo-building.pl\/wp-content\/uploads\/2025\/06\/Lobo2.png 840w, https:\/\/www.lobo-building.pl\/wp-content\/uploads\/2025\/06\/Lobo2-300x227.png 300w, https:\/\/www.lobo-building.pl\/wp-content\/uploads\/2025\/06\/Lobo2-768x581.png 768w, https:\/\/www.lobo-building.pl\/wp-content\/uploads\/2025\/06\/Lobo2-200x151.png 200w, https:\/\/www.lobo-building.pl\/wp-content\/uploads\/2025\/06\/Lobo2-690x522.png 690w\" sizes=\"(max-width: 840px) 100vw, 840px\" \/>\t\t\t\t\t\t\t\t\t\t\t<\/div>\n\t\t\t\t<\/div>\n\t\t\t\t<\/div>\n\t\t\t\t\t\t<\/div>\n\t\t\t\t\t<\/div>\n\t\t<\/div>\n\t\t\t\t<div class=\"elementor-column elementor-col-50 elementor-top-column elementor-element elementor-element-7438cf1\" data-id=\"7438cf1\" data-element_type=\"column\">\n\t\t\t<div class=\"elementor-column-wrap elementor-element-populated\">\n\t\t\t\t\t\t\t<div class=\"elementor-widget-wrap\">\n\t\t\t\t\t\t<div class=\"elementor-element elementor-element-7cd8483 elementor-widget elementor-widget-image\" data-id=\"7cd8483\" data-element_type=\"widget\" data-widget_type=\"image.default\">\n\t\t\t\t<div class=\"elementor-widget-container\">\n\t\t\t\t\t<div class=\"elementor-image\">\n\t\t\t\t\t\t\t\t\t\t<img width=\"791\" height=\"592\" src=\"https:\/\/www.lobo-building.pl\/wp-content\/uploads\/2025\/06\/lobo3.png\" class=\"attachment-large size-large\" alt=\"\" loading=\"lazy\" srcset=\"https:\/\/www.lobo-building.pl\/wp-content\/uploads\/2025\/06\/lobo3.png 791w, https:\/\/www.lobo-building.pl\/wp-content\/uploads\/2025\/06\/lobo3-300x225.png 300w, https:\/\/www.lobo-building.pl\/wp-content\/uploads\/2025\/06\/lobo3-768x575.png 768w, https:\/\/www.lobo-building.pl\/wp-content\/uploads\/2025\/06\/lobo3-200x150.png 200w, https:\/\/www.lobo-building.pl\/wp-content\/uploads\/2025\/06\/lobo3-690x516.png 690w\" sizes=\"(max-width: 791px) 100vw, 791px\" \/>\t\t\t\t\t\t\t\t\t\t\t<\/div>\n\t\t\t\t<\/div>\n\t\t\t\t<\/div>\n\t\t\t\t<div class=\"elementor-element elementor-element-a180e07 elementor-widget elementor-widget-image\" data-id=\"a180e07\" data-element_type=\"widget\" data-widget_type=\"image.default\">\n\t\t\t\t<div class=\"elementor-widget-container\">\n\t\t\t\t\t<div class=\"elementor-image\">\n\t\t\t\t\t\t\t\t\t\t<img width=\"744\" height=\"886\" src=\"https:\/\/www.lobo-building.pl\/wp-content\/uploads\/2025\/06\/lobo4.png\" class=\"attachment-large size-large\" alt=\"\" loading=\"lazy\" srcset=\"https:\/\/www.lobo-building.pl\/wp-content\/uploads\/2025\/06\/lobo4.png 744w, https:\/\/www.lobo-building.pl\/wp-content\/uploads\/2025\/06\/lobo4-252x300.png 252w, https:\/\/www.lobo-building.pl\/wp-content\/uploads\/2025\/06\/lobo4-200x238.png 200w, https:\/\/www.lobo-building.pl\/wp-content\/uploads\/2025\/06\/lobo4-690x822.png 690w\" sizes=\"(max-width: 744px) 100vw, 744px\" \/>\t\t\t\t\t\t\t\t\t\t\t<\/div>\n\t\t\t\t<\/div>\n\t\t\t\t<\/div>\n\t\t\t\t\t\t<\/div>\n\t\t\t\t\t<\/div>\n\t\t<\/div>\n\t\t\t\t\t\t\t\t<\/div>\n\t\t\t\t\t<\/div>\n\t\t<\/section>\n\t\t\t\t\t\t<\/div>\n\t\t\t\t\t\t<\/div>\n\t\t\t\t\t<\/div>\n\t\t","protected":false},"excerpt":{"rendered":"<p>Dost\u0119pne od 01\/01\/2026 Biuro 24m2 (1. pi\u0119tro) \u2022 nowoczesne, przestronne biuro\u2022 okna z tworzywa sztucznego\u2022 p\u0142ytki pod\u0142ogowe i wyk\u0142adziny dywanowe\u2022&nbsp;[&hellip;]<\/p>\n","protected":false},"author":9,"featured_media":0,"parent":0,"menu_order":0,"comment_status":"closed","ping_status":"closed","template":"elementor_header_footer","meta":[],"_links":{"self":[{"href":"https:\/\/www.lobo-building.pl\/index.php\/wp-json\/wp\/v2\/pages\/694"}],"collection":[{"href":"https:\/\/www.lobo-building.pl\/index.php\/wp-json\/wp\/v2\/pages"}],"about":[{"href":"https:\/\/www.lobo-building.pl\/index.php\/wp-json\/wp\/v2\/types\/page"}],"author":[{"embeddable":true,"href":"https:\/\/www.lobo-building.pl\/index.php\/wp-json\/wp\/v2\/users\/9"}],"replies":[{"embeddable":true,"href":"https:\/\/www.lobo-building.pl\/index.php\/wp-json\/wp\/v2\/comments?post=694"}],"version-history":[{"count":83,"href":"https:\/\/www.lobo-building.pl\/index.php\/wp-json\/wp\/v2\/pages\/694\/revisions"}],"predecessor-version":[{"id":796,"href":"https:\/\/www.lobo-building.pl\/index.php\/wp-json\/wp\/v2\/pages\/694\/revisions\/796"}],"wp:attachment":[{"href":"https:\/\/www.lobo-building.pl\/index.php\/wp-json\/wp\/v2\/media?parent=694"}],"curies":[{"name":"wp","href":"https:\/\/api.w.org\/{rel}","templated":true}]}}