{"id":74,"date":"2019-03-07T14:56:00","date_gmt":"2019-03-07T13:56:00","guid":{"rendered":"http:\/\/www.lobo-building.pl\/?page_id=74"},"modified":"2019-03-07T15:21:42","modified_gmt":"2019-03-07T14:21:42","slug":"uber-uns","status":"publish","type":"page","link":"https:\/\/www.lobo-building.pl\/index.php\/de\/uber-uns\/","title":{"rendered":"\u00dcber Uns"},"content":{"rendered":"\n<p>Unser Unternehmen ist bereits seit September 1993 in&nbsp;<a href=\"http:\/\/pcdron.home.pl\/lobo\/lageplan-lagebeschreibung\">Poznan<\/a>&nbsp;eingetragen und besch\u00e4ftigt sich mit der Vermietung und Verpachtung von&nbsp;<a href=\"http:\/\/pcdron.home.pl\/lobo\/bueroflaechen\">B\u00fcro-<\/a>&nbsp;und&nbsp;<a href=\"http:\/\/pcdron.home.pl\/lobo\/hallenflaechen\">Hallenfl\u00e4chen,<\/a>&nbsp;die in eigenem Besitz stehen. Insbesondere auf der&nbsp;<a href=\"http:\/\/pcdron.home.pl\/lobo\/kontakt\">Baltycka A2 \/ Ecke Nowe Zawady in Poznan<\/a>&nbsp;wurde ein Gewerbepark errichtet (55.000m\u00b2), der seinen Mietern einen optimalen Gesch\u00e4ftsablauf gew\u00e4hrleistet.<\/p>\n\n\n\n<p>Zus\u00e4tzliche Informationen \u00fcber unseren Gewerbepark:<br>(Wir sprechen Polnisch, Englisch,Deutsch)<br>5 Min. zum Zentrum Poznan , binnen 15 Min. zum Flughafen, 8 Min. zum Hauptbahnhof<\/p>\n\n\n\n<ul><li>Security vorhanden,<\/li><li>ISDN Tel Zentrale vorhanden falls gew\u00fcnscht<\/li><li>optimale Werbem\u00f6glichkeit,<\/li><li>Parkpl\u00e4tze in grosser Anzahl vor den Objekten vorhanden<\/li><li>vor dem Objekt \u2013 Bushaltestellen und in der N\u00e4he eine Tankstelle<\/li><li>2 Einfahrten auf das Betriebsgebiet mit eigener Schwerlastverkehr-Abbiegespur<\/li><li>T\u00e4gliche Reinigung des gesamten Objektes<\/li><li>Winterdienst<\/li><li>G\u00e4rtnerdienst, u.v.m<\/li><\/ul>\n\n\n\n<p>Neben der reinen Vermietung bietet unser&nbsp;<a href=\"http:\/\/pcdron.home.pl\/lobo\/kontakt\">B\u00fcro<\/a>&nbsp;auf dem Gel\u00e4nde ebenfalls Unterst\u00fctzung bei einem Markteintritt in Polen.<\/p>\n\n\n\n<p>Sollten Sie einen geeigneten Standort in&nbsp;<a href=\"http:\/\/pcdron.home.pl\/lobo\/lageplan-lagebeschreibung\">Poznan<\/a>&nbsp;suchen, so wenden Sie sich bitte direkt an uns unter&nbsp;<strong>tel. 0048 61 8743 753.&nbsp;<\/strong>Wir sprechen sowohl Deutsch, Englisch als auch Polnisch.<\/p>\n","protected":false},"excerpt":{"rendered":"<p>Unser Unternehmen ist bereits seit September 1993 in&nbsp;Poznan&nbsp;eingetragen und besch\u00e4ftigt sich mit der Vermietung und Verpachtung von&nbsp;B\u00fcro-&nbsp;und&nbsp;Hallenfl\u00e4chen,&nbsp;die in eigenem Besitz&nbsp;[&hellip;]<\/p>\n","protected":false},"author":9,"featured_media":0,"parent":0,"menu_order":0,"comment_status":"closed","ping_status":"closed","template":"page-templates\/template_fullwidth.php","meta":[],"_links":{"self":[{"href":"https:\/\/www.lobo-building.pl\/index.php\/wp-json\/wp\/v2\/pages\/74"}],"collection":[{"href":"https:\/\/www.lobo-building.pl\/index.php\/wp-json\/wp\/v2\/pages"}],"about":[{"href":"https:\/\/www.lobo-building.pl\/index.php\/wp-json\/wp\/v2\/types\/page"}],"author":[{"embeddable":true,"href":"https:\/\/www.lobo-building.pl\/index.php\/wp-json\/wp\/v2\/users\/9"}],"replies":[{"embeddable":true,"href":"https:\/\/www.lobo-building.pl\/index.php\/wp-json\/wp\/v2\/comments?post=74"}],"version-history":[{"count":1,"href":"https:\/\/www.lobo-building.pl\/index.php\/wp-json\/wp\/v2\/pages\/74\/revisions"}],"predecessor-version":[{"id":75,"href":"https:\/\/www.lobo-building.pl\/index.php\/wp-json\/wp\/v2\/pages\/74\/revisions\/75"}],"wp:attachment":[{"href":"https:\/\/www.lobo-building.pl\/index.php\/wp-json\/wp\/v2\/media?parent=74"}],"curies":[{"name":"wp","href":"https:\/\/api.w.org\/{rel}","templated":true}]}}